{"id":9825,"date":"2026-05-07T03:37:41","date_gmt":"2026-05-07T00:37:41","guid":{"rendered":"https:\/\/wearsamoda.com\/product\/beyaz-bahce\/"},"modified":"2026-05-07T03:37:41","modified_gmt":"2026-05-07T00:37:41","slug":"beyaz-bahce","status":"publish","type":"product","link":"https:\/\/wearsamoda.com\/tr\/urun\/beyaz-bahce\/","title":{"rendered":"Beyaz Bah\u00e7e"},"content":{"rendered":"","protected":false},"excerpt":{"rendered":"<p>El Yap\u0131m\u0131 Elbise<br \/>\n%100 ipekten \u00fcretilmi\u015ftir<br \/>\nUzun organze ta\u015fl\u0131 \u015fal ve e\u015farp<br \/>\nElbisenin her yerinde inci ve ta\u015f detaylar\u0131<br \/>\nElbise i\u00e7in ek i\u00e7 astar<br \/>\nEkstra s\u0131cakl\u0131k ve yal\u0131t\u0131m i\u00e7in ara astar<br \/>\n1-2 hafta i\u015flem s\u00fcresi<\/p>\n<p>T\u00fcrkiye&#8217;de \u00fcretilmi\u015ftir<\/p>\n","protected":false},"featured_media":9808,"template":"","meta":[],"product_brand":[],"product_cat":[98],"product_tag":[],"class_list":{"0":"post-9825","1":"product","2":"type-product","3":"status-publish","4":"has-post-thumbnail","6":"product_cat-degerli-anlar-zamansiz-resmi-elbiseler","8":"first","9":"instock","10":"taxable","11":"shipping-taxable","12":"purchasable","13":"product-type-variable"},"_links":{"self":[{"href":"https:\/\/wearsamoda.com\/tr\/wp-json\/wp\/v2\/product\/9825","targetHints":{"allow":["GET"]}}],"collection":[{"href":"https:\/\/wearsamoda.com\/tr\/wp-json\/wp\/v2\/product"}],"about":[{"href":"https:\/\/wearsamoda.com\/tr\/wp-json\/wp\/v2\/types\/product"}],"version-history":[{"count":0,"href":"https:\/\/wearsamoda.com\/tr\/wp-json\/wp\/v2\/product\/9825\/revisions"}],"wp:featuredmedia":[{"embeddable":true,"href":"https:\/\/wearsamoda.com\/tr\/wp-json\/wp\/v2\/media\/9808"}],"wp:attachment":[{"href":"https:\/\/wearsamoda.com\/tr\/wp-json\/wp\/v2\/media?parent=9825"}],"wp:term":[{"taxonomy":"product_brand","embeddable":true,"href":"https:\/\/wearsamoda.com\/tr\/wp-json\/wp\/v2\/product_brand?post=9825"},{"taxonomy":"product_cat","embeddable":true,"href":"https:\/\/wearsamoda.com\/tr\/wp-json\/wp\/v2\/product_cat?post=9825"},{"taxonomy":"product_tag","embeddable":true,"href":"https:\/\/wearsamoda.com\/tr\/wp-json\/wp\/v2\/product_tag?post=9825"}],"curies":[{"name":"wp","href":"https:\/\/api.w.org\/{rel}","templated":true}]}}