{"id":9795,"date":"2026-04-18T17:36:37","date_gmt":"2026-04-18T14:36:37","guid":{"rendered":"https:\/\/wearsamoda.com\/product\/bahar-gunesi\/"},"modified":"2026-04-18T17:36:37","modified_gmt":"2026-04-18T14:36:37","slug":"bahar-gunesi","status":"publish","type":"product","link":"https:\/\/wearsamoda.com\/tr\/urun\/bahar-gunesi\/","title":{"rendered":"Bahar G\u00fcne\u015fi"},"content":{"rendered":"","protected":false},"excerpt":{"rendered":"<p>El Yap\u0131m\u0131 Elbise<br \/>\nNane ye\u015fili tonunda g\u00fczel, birinci s\u0131n\u0131f krep kuma\u015ftan \u00fcretilmi\u015ftir<br \/>\nEkstra s\u0131cakl\u0131k ve yal\u0131t\u0131m i\u00e7in astarl\u0131<br \/>\nKusursuz bir biti\u015f ve kal\u0131c\u0131 kalite i\u00e7in \u00fcretimde pres bezi kullan\u0131lm\u0131\u015ft\u0131r<br \/>\nElbisenin her yerinde dantel detaylar<br \/>\n1-2 hafta i\u015flem s\u00fcresi<\/p>\n<p>T\u00fcrkiye&#8217;de \u00fcretilmi\u015ftir<\/p>\n","protected":false},"featured_media":9782,"template":"","meta":[],"product_brand":[],"product_cat":[97],"product_tag":[],"class_list":{"0":"post-9795","1":"product","2":"type-product","3":"status-publish","4":"has-post-thumbnail","6":"product_cat-gunluk-zarafet-klasik-elbiseler","8":"first","9":"instock","10":"taxable","11":"shipping-taxable","12":"purchasable","13":"product-type-variable"},"_links":{"self":[{"href":"https:\/\/wearsamoda.com\/tr\/wp-json\/wp\/v2\/product\/9795","targetHints":{"allow":["GET"]}}],"collection":[{"href":"https:\/\/wearsamoda.com\/tr\/wp-json\/wp\/v2\/product"}],"about":[{"href":"https:\/\/wearsamoda.com\/tr\/wp-json\/wp\/v2\/types\/product"}],"version-history":[{"count":0,"href":"https:\/\/wearsamoda.com\/tr\/wp-json\/wp\/v2\/product\/9795\/revisions"}],"wp:featuredmedia":[{"embeddable":true,"href":"https:\/\/wearsamoda.com\/tr\/wp-json\/wp\/v2\/media\/9782"}],"wp:attachment":[{"href":"https:\/\/wearsamoda.com\/tr\/wp-json\/wp\/v2\/media?parent=9795"}],"wp:term":[{"taxonomy":"product_brand","embeddable":true,"href":"https:\/\/wearsamoda.com\/tr\/wp-json\/wp\/v2\/product_brand?post=9795"},{"taxonomy":"product_cat","embeddable":true,"href":"https:\/\/wearsamoda.com\/tr\/wp-json\/wp\/v2\/product_cat?post=9795"},{"taxonomy":"product_tag","embeddable":true,"href":"https:\/\/wearsamoda.com\/tr\/wp-json\/wp\/v2\/product_tag?post=9795"}],"curies":[{"name":"wp","href":"https:\/\/api.w.org\/{rel}","templated":true}]}}