{"id":9775,"date":"2026-04-18T17:29:37","date_gmt":"2026-04-18T14:29:37","guid":{"rendered":"https:\/\/wearsamoda.com\/product\/krem-nakis\/"},"modified":"2026-04-18T17:29:37","modified_gmt":"2026-04-18T14:29:37","slug":"krem-nakis","status":"publish","type":"product","link":"https:\/\/wearsamoda.com\/tr\/urun\/krem-nakis\/","title":{"rendered":"Krem Nak\u0131\u015f"},"content":{"rendered":"","protected":false},"excerpt":{"rendered":"<p>El Yap\u0131m\u0131 Elbise<br \/>\nG\u00fczel boncuk i\u015flemeli kuma\u015ftan \u00fcretilmi\u015ftir<br \/>\nEkstra s\u0131cakl\u0131k ve yal\u0131t\u0131m i\u00e7in astar<br \/>\nKusursuz bir g\u00f6r\u00fcn\u00fcm ve kal\u0131c\u0131 kalite i\u00e7in \u00fct\u00fcleme bezi eklenmi\u015ftir<br \/>\nElbisenin tamam\u0131nda el yap\u0131m\u0131 ta\u015f detaylar\u0131<br \/>\n1-2 hafta i\u015flem s\u00fcresi<\/p>\n<p>T\u00fcrkiye&#8217;de \u00dcretilmi\u015ftir<\/p>\n","protected":false},"featured_media":9764,"template":"","meta":[],"product_brand":[],"product_cat":[98],"product_tag":[],"class_list":{"0":"post-9775","1":"product","2":"type-product","3":"status-publish","4":"has-post-thumbnail","6":"product_cat-degerli-anlar-zamansiz-resmi-elbiseler","8":"first","9":"instock","10":"taxable","11":"shipping-taxable","12":"purchasable","13":"product-type-variable"},"_links":{"self":[{"href":"https:\/\/wearsamoda.com\/tr\/wp-json\/wp\/v2\/product\/9775","targetHints":{"allow":["GET"]}}],"collection":[{"href":"https:\/\/wearsamoda.com\/tr\/wp-json\/wp\/v2\/product"}],"about":[{"href":"https:\/\/wearsamoda.com\/tr\/wp-json\/wp\/v2\/types\/product"}],"version-history":[{"count":0,"href":"https:\/\/wearsamoda.com\/tr\/wp-json\/wp\/v2\/product\/9775\/revisions"}],"wp:featuredmedia":[{"embeddable":true,"href":"https:\/\/wearsamoda.com\/tr\/wp-json\/wp\/v2\/media\/9764"}],"wp:attachment":[{"href":"https:\/\/wearsamoda.com\/tr\/wp-json\/wp\/v2\/media?parent=9775"}],"wp:term":[{"taxonomy":"product_brand","embeddable":true,"href":"https:\/\/wearsamoda.com\/tr\/wp-json\/wp\/v2\/product_brand?post=9775"},{"taxonomy":"product_cat","embeddable":true,"href":"https:\/\/wearsamoda.com\/tr\/wp-json\/wp\/v2\/product_cat?post=9775"},{"taxonomy":"product_tag","embeddable":true,"href":"https:\/\/wearsamoda.com\/tr\/wp-json\/wp\/v2\/product_tag?post=9775"}],"curies":[{"name":"wp","href":"https:\/\/api.w.org\/{rel}","templated":true}]}}