{"id":9707,"date":"2026-01-29T20:19:10","date_gmt":"2026-01-29T17:19:10","guid":{"rendered":"https:\/\/wearsamoda.com\/product\/bebek-pembesi-korse-prenses\/"},"modified":"2026-04-30T21:28:39","modified_gmt":"2026-04-30T18:28:39","slug":"bebek-pembesi-korse-prenses","status":"publish","type":"product","link":"https:\/\/wearsamoda.com\/tr\/urun\/bebek-pembesi-korse-prenses\/","title":{"rendered":"Bebek Pembesi Korse Prenses"},"content":{"rendered":"","protected":false},"excerpt":{"rendered":"<p>El Yap\u0131m\u0131 Elbise<br \/>\nG\u00fczel pamuk ipek kuma\u015ftan \u00fcretilmi\u015ftir<br \/>\nEkstra s\u0131cakl\u0131k ve yal\u0131t\u0131m i\u00e7in astar<br \/>\nKusursuz bir g\u00f6r\u00fcn\u00fcm ve uzun \u00f6m\u00fcrl\u00fc kalite i\u00e7in \u00fct\u00fcleme bezi eklenmi\u015ftir<br \/>\nOrganza korse<br \/>\nMetal inci detaylar\u0131<br \/>\nMetal fermuar ve metal dantel<\/p>\n<p>T\u00fcrkiye&#8217;de \u00fcretilmi\u015ftir<\/p>\n","protected":false},"featured_media":9697,"template":"","meta":[],"product_brand":[],"product_cat":[98],"product_tag":[],"class_list":{"0":"post-9707","1":"product","2":"type-product","3":"status-publish","4":"has-post-thumbnail","6":"product_cat-degerli-anlar-zamansiz-resmi-elbiseler","8":"first","9":"outofstock","10":"taxable","11":"shipping-taxable","12":"purchasable","13":"product-type-variable"},"_links":{"self":[{"href":"https:\/\/wearsamoda.com\/tr\/wp-json\/wp\/v2\/product\/9707","targetHints":{"allow":["GET"]}}],"collection":[{"href":"https:\/\/wearsamoda.com\/tr\/wp-json\/wp\/v2\/product"}],"about":[{"href":"https:\/\/wearsamoda.com\/tr\/wp-json\/wp\/v2\/types\/product"}],"version-history":[{"count":1,"href":"https:\/\/wearsamoda.com\/tr\/wp-json\/wp\/v2\/product\/9707\/revisions"}],"predecessor-version":[{"id":9713,"href":"https:\/\/wearsamoda.com\/tr\/wp-json\/wp\/v2\/product\/9707\/revisions\/9713"}],"wp:featuredmedia":[{"embeddable":true,"href":"https:\/\/wearsamoda.com\/tr\/wp-json\/wp\/v2\/media\/9697"}],"wp:attachment":[{"href":"https:\/\/wearsamoda.com\/tr\/wp-json\/wp\/v2\/media?parent=9707"}],"wp:term":[{"taxonomy":"product_brand","embeddable":true,"href":"https:\/\/wearsamoda.com\/tr\/wp-json\/wp\/v2\/product_brand?post=9707"},{"taxonomy":"product_cat","embeddable":true,"href":"https:\/\/wearsamoda.com\/tr\/wp-json\/wp\/v2\/product_cat?post=9707"},{"taxonomy":"product_tag","embeddable":true,"href":"https:\/\/wearsamoda.com\/tr\/wp-json\/wp\/v2\/product_tag?post=9707"}],"curies":[{"name":"wp","href":"https:\/\/api.w.org\/{rel}","templated":true}]}}