{"id":9643,"date":"2025-12-23T10:13:57","date_gmt":"2025-12-23T07:13:57","guid":{"rendered":"https:\/\/wearsamoda.com\/product\/mavi-tuvit-zarafeti\/"},"modified":"2025-12-23T10:13:57","modified_gmt":"2025-12-23T07:13:57","slug":"mavi-tuvit-zarafeti","status":"publish","type":"product","link":"https:\/\/wearsamoda.com\/tr\/urun\/mavi-tuvit-zarafeti\/","title":{"rendered":"Mavi T\u00fcvit Zarafeti"},"content":{"rendered":"","protected":false},"excerpt":{"rendered":"<p>El Yap\u0131m\u0131 Elbise<br \/>\nG\u00fczel t\u00fcvit kuma\u015ftan \u00fcretilmi\u015ftir<br \/>\nEkstra s\u0131cakl\u0131k ve yal\u0131t\u0131m i\u00e7in astar kullan\u0131lm\u0131\u015ft\u0131r<br \/>\nKusursuz bir g\u00f6r\u00fcn\u00fcm ve uzun \u00f6m\u00fcrl\u00fc kalite i\u00e7in diki\u015f a\u015famas\u0131nda \u00fct\u00fc bezi eklenmi\u015ftir<br \/>\nMetal fermuar ve metal dantel<\/p>\n<p>T\u00fcrkiye&#8217;de \u00fcretilmi\u015ftir<\/p>\n","protected":false},"featured_media":9637,"template":"","meta":[],"product_brand":[],"product_cat":[94],"product_tag":[],"class_list":{"0":"post-9643","1":"product","2":"type-product","3":"status-publish","4":"has-post-thumbnail","6":"product_cat-guc-ve-zarafet-ofis-giyimi","8":"first","9":"outofstock","10":"taxable","11":"shipping-taxable","12":"purchasable","13":"product-type-variable"},"_links":{"self":[{"href":"https:\/\/wearsamoda.com\/tr\/wp-json\/wp\/v2\/product\/9643","targetHints":{"allow":["GET"]}}],"collection":[{"href":"https:\/\/wearsamoda.com\/tr\/wp-json\/wp\/v2\/product"}],"about":[{"href":"https:\/\/wearsamoda.com\/tr\/wp-json\/wp\/v2\/types\/product"}],"version-history":[{"count":0,"href":"https:\/\/wearsamoda.com\/tr\/wp-json\/wp\/v2\/product\/9643\/revisions"}],"wp:featuredmedia":[{"embeddable":true,"href":"https:\/\/wearsamoda.com\/tr\/wp-json\/wp\/v2\/media\/9637"}],"wp:attachment":[{"href":"https:\/\/wearsamoda.com\/tr\/wp-json\/wp\/v2\/media?parent=9643"}],"wp:term":[{"taxonomy":"product_brand","embeddable":true,"href":"https:\/\/wearsamoda.com\/tr\/wp-json\/wp\/v2\/product_brand?post=9643"},{"taxonomy":"product_cat","embeddable":true,"href":"https:\/\/wearsamoda.com\/tr\/wp-json\/wp\/v2\/product_cat?post=9643"},{"taxonomy":"product_tag","embeddable":true,"href":"https:\/\/wearsamoda.com\/tr\/wp-json\/wp\/v2\/product_tag?post=9643"}],"curies":[{"name":"wp","href":"https:\/\/api.w.org\/{rel}","templated":true}]}}