{"id":9606,"date":"2025-12-19T15:36:40","date_gmt":"2025-12-19T12:36:40","guid":{"rendered":"https:\/\/wearsamoda.com\/product\/tereyagi-sarisi\/"},"modified":"2026-04-19T11:56:54","modified_gmt":"2026-04-19T08:56:54","slug":"tereyagi-sarisi","status":"publish","type":"product","link":"https:\/\/wearsamoda.com\/tr\/urun\/tereyagi-sarisi\/","title":{"rendered":"Tereya\u011f\u0131 Sar\u0131s\u0131"},"content":{"rendered":"","protected":false},"excerpt":{"rendered":"<p>El Yap\u0131m\u0131 Elbise<br \/>\nYumu\u015fak pamuklu kuma\u015ftan \u00fcretilmi\u015ftir<br \/>\nEkstra \u015f\u0131kl\u0131k i\u00e7in alt\u0131n renkli metal d\u00fc\u011fmeler<br \/>\nEkstra s\u0131cakl\u0131k ve yal\u0131t\u0131m i\u00e7in astar<br \/>\nKusursuz bir g\u00f6r\u00fcn\u00fcm ve uzun \u00f6m\u00fcrl\u00fc kalite i\u00e7in \u00fcretim a\u015famas\u0131nda \u00fct\u00fc bezi eklenmi\u015ftir<br \/>T\u00fcrkiye&#8217;de \u00fcretilmi\u015ftir<\/p>\n","protected":false},"featured_media":9577,"template":"","meta":[],"product_brand":[],"product_cat":[97],"product_tag":[],"class_list":{"0":"post-9606","1":"product","2":"type-product","3":"status-publish","4":"has-post-thumbnail","6":"product_cat-gunluk-zarafet-klasik-elbiseler","8":"first","9":"outofstock","10":"taxable","11":"shipping-taxable","12":"purchasable","13":"product-type-variable"},"_links":{"self":[{"href":"https:\/\/wearsamoda.com\/tr\/wp-json\/wp\/v2\/product\/9606","targetHints":{"allow":["GET"]}}],"collection":[{"href":"https:\/\/wearsamoda.com\/tr\/wp-json\/wp\/v2\/product"}],"about":[{"href":"https:\/\/wearsamoda.com\/tr\/wp-json\/wp\/v2\/types\/product"}],"version-history":[{"count":1,"href":"https:\/\/wearsamoda.com\/tr\/wp-json\/wp\/v2\/product\/9606\/revisions"}],"predecessor-version":[{"id":9801,"href":"https:\/\/wearsamoda.com\/tr\/wp-json\/wp\/v2\/product\/9606\/revisions\/9801"}],"wp:featuredmedia":[{"embeddable":true,"href":"https:\/\/wearsamoda.com\/tr\/wp-json\/wp\/v2\/media\/9577"}],"wp:attachment":[{"href":"https:\/\/wearsamoda.com\/tr\/wp-json\/wp\/v2\/media?parent=9606"}],"wp:term":[{"taxonomy":"product_brand","embeddable":true,"href":"https:\/\/wearsamoda.com\/tr\/wp-json\/wp\/v2\/product_brand?post=9606"},{"taxonomy":"product_cat","embeddable":true,"href":"https:\/\/wearsamoda.com\/tr\/wp-json\/wp\/v2\/product_cat?post=9606"},{"taxonomy":"product_tag","embeddable":true,"href":"https:\/\/wearsamoda.com\/tr\/wp-json\/wp\/v2\/product_tag?post=9606"}],"curies":[{"name":"wp","href":"https:\/\/api.w.org\/{rel}","templated":true}]}}