{"id":9537,"date":"2025-12-13T10:31:11","date_gmt":"2025-12-13T07:31:11","guid":{"rendered":"https:\/\/wearsamoda.com\/product\/cotton-candy-elbise\/"},"modified":"2026-01-08T14:30:23","modified_gmt":"2026-01-08T11:30:23","slug":"cotton-candy-elbise","status":"publish","type":"product","link":"https:\/\/wearsamoda.com\/tr\/urun\/cotton-candy-elbise\/","title":{"rendered":"Cotton Candy Elbise"},"content":{"rendered":"","protected":false},"excerpt":{"rendered":"<p>El Yap\u0131m\u0131 Elbise<br \/>\n\u0130thal pembe t\u00fcvit kuma\u015ftan \u00fcretilmi\u015ftir<br \/>\nYaka k\u0131sm\u0131nda ta\u015f detaylar<br \/>\n\u00d6n ve kollarda ta\u015f detaylar\u0131<br \/>\nOrganza dantel detaylar\u0131<br \/>\nMetal fermuar<br \/>\nEkstra s\u0131cakl\u0131k ve yal\u0131t\u0131m i\u00e7in astar<br \/>\nKusursuz bir g\u00f6r\u00fcn\u00fcm ve uzun \u00f6m\u00fcrl\u00fc kalite i\u00e7in \u00fct\u00fcleme bezi eklenmi\u015ftir<br \/>T\u00fcrkiye&#8217;de \u00fcretilmi\u015ftir<\/p>\n","protected":false},"featured_media":9533,"template":"","meta":[],"product_brand":[],"product_cat":[98],"product_tag":[],"class_list":{"0":"post-9537","1":"product","2":"type-product","3":"status-publish","4":"has-post-thumbnail","6":"product_cat-degerli-anlar-zamansiz-resmi-elbiseler","8":"first","9":"instock","10":"taxable","11":"shipping-taxable","12":"purchasable","13":"product-type-variable"},"_links":{"self":[{"href":"https:\/\/wearsamoda.com\/tr\/wp-json\/wp\/v2\/product\/9537","targetHints":{"allow":["GET"]}}],"collection":[{"href":"https:\/\/wearsamoda.com\/tr\/wp-json\/wp\/v2\/product"}],"about":[{"href":"https:\/\/wearsamoda.com\/tr\/wp-json\/wp\/v2\/types\/product"}],"version-history":[{"count":0,"href":"https:\/\/wearsamoda.com\/tr\/wp-json\/wp\/v2\/product\/9537\/revisions"}],"wp:featuredmedia":[{"embeddable":true,"href":"https:\/\/wearsamoda.com\/tr\/wp-json\/wp\/v2\/media\/9533"}],"wp:attachment":[{"href":"https:\/\/wearsamoda.com\/tr\/wp-json\/wp\/v2\/media?parent=9537"}],"wp:term":[{"taxonomy":"product_brand","embeddable":true,"href":"https:\/\/wearsamoda.com\/tr\/wp-json\/wp\/v2\/product_brand?post=9537"},{"taxonomy":"product_cat","embeddable":true,"href":"https:\/\/wearsamoda.com\/tr\/wp-json\/wp\/v2\/product_cat?post=9537"},{"taxonomy":"product_tag","embeddable":true,"href":"https:\/\/wearsamoda.com\/tr\/wp-json\/wp\/v2\/product_tag?post=9537"}],"curies":[{"name":"wp","href":"https:\/\/api.w.org\/{rel}","templated":true}]}}