{"id":9376,"date":"2025-12-10T17:20:37","date_gmt":"2025-12-10T14:20:37","guid":{"rendered":"https:\/\/wearsamoda.com\/product\/beyaz-inci-tuvit\/"},"modified":"2026-03-13T20:41:49","modified_gmt":"2026-03-13T17:41:49","slug":"beyaz-inci-tuvit","status":"publish","type":"product","link":"https:\/\/wearsamoda.com\/tr\/urun\/beyaz-inci-tuvit\/","title":{"rendered":"Beyaz \u0130nci T\u00fcvit"},"content":{"rendered":"","protected":false},"excerpt":{"rendered":"<p>El Yap\u0131m\u0131 Elbise<br \/>\n\u0130thal t\u00fcvit kuma\u015ftan yap\u0131lm\u0131\u015ft\u0131r \u2013 Elbise beyaz renkte olup \u0131\u015f\u0131\u011fa g\u00f6re renk de\u011fi\u015ftirir.<br \/>\nKol ve yakada k\u00fcrk detaylar\u0131.<br \/>\nMetal fermuar<br \/>\nEkstra yal\u0131t\u0131m i\u00e7in astar<br \/>\nKusursuz biti\u015f ve kal\u0131c\u0131 kalite i\u00e7in \u00fcretimde \u00fct\u00fc bezi kullan\u0131lm\u0131\u015ft\u0131r<\/p>\n<p>T\u00fcrkiye&#8217;de \u00fcretilmi\u015ftir<\/p>\n","protected":false},"featured_media":9377,"template":"","meta":[],"product_brand":[],"product_cat":[98],"product_tag":[],"class_list":{"0":"post-9376","1":"product","2":"type-product","3":"status-publish","4":"has-post-thumbnail","6":"product_cat-degerli-anlar-zamansiz-resmi-elbiseler","8":"first","9":"instock","10":"taxable","11":"shipping-taxable","12":"purchasable","13":"product-type-variable"},"_links":{"self":[{"href":"https:\/\/wearsamoda.com\/tr\/wp-json\/wp\/v2\/product\/9376","targetHints":{"allow":["GET"]}}],"collection":[{"href":"https:\/\/wearsamoda.com\/tr\/wp-json\/wp\/v2\/product"}],"about":[{"href":"https:\/\/wearsamoda.com\/tr\/wp-json\/wp\/v2\/types\/product"}],"version-history":[{"count":1,"href":"https:\/\/wearsamoda.com\/tr\/wp-json\/wp\/v2\/product\/9376\/revisions"}],"predecessor-version":[{"id":9471,"href":"https:\/\/wearsamoda.com\/tr\/wp-json\/wp\/v2\/product\/9376\/revisions\/9471"}],"wp:featuredmedia":[{"embeddable":true,"href":"https:\/\/wearsamoda.com\/tr\/wp-json\/wp\/v2\/media\/9377"}],"wp:attachment":[{"href":"https:\/\/wearsamoda.com\/tr\/wp-json\/wp\/v2\/media?parent=9376"}],"wp:term":[{"taxonomy":"product_brand","embeddable":true,"href":"https:\/\/wearsamoda.com\/tr\/wp-json\/wp\/v2\/product_brand?post=9376"},{"taxonomy":"product_cat","embeddable":true,"href":"https:\/\/wearsamoda.com\/tr\/wp-json\/wp\/v2\/product_cat?post=9376"},{"taxonomy":"product_tag","embeddable":true,"href":"https:\/\/wearsamoda.com\/tr\/wp-json\/wp\/v2\/product_tag?post=9376"}],"curies":[{"name":"wp","href":"https:\/\/api.w.org\/{rel}","templated":true}]}}