{"id":9363,"date":"2025-12-11T18:07:40","date_gmt":"2025-12-11T15:07:40","guid":{"rendered":"https:\/\/wearsamoda.com\/product\/pembe-kurklu-tuvit-elbise\/"},"modified":"2026-01-24T21:19:59","modified_gmt":"2026-01-24T18:19:59","slug":"pembe-kurklu-tuvit-elbise","status":"publish","type":"product","link":"https:\/\/wearsamoda.com\/tr\/urun\/pembe-kurklu-tuvit-elbise\/","title":{"rendered":"Pembe K\u00fcrkl\u00fc T\u00fcvit Elbise"},"content":{"rendered":"","protected":false},"excerpt":{"rendered":"<p>El Yap\u0131m\u0131 Elbise<br \/>\n\u0130thal pembe t\u00fcvit kuma\u015ftan yap\u0131lm\u0131\u015f<br \/>\nYakada ta\u015f detaylar\u0131<br \/>\nKollarda k\u00fcrk detay\u0131<br \/>\nKemerde el yap\u0131m\u0131 ta\u015f detaylar\u0131<br \/>\nMetal Fermuar<br \/>\nEkstra s\u0131cakl\u0131k ve yal\u0131t\u0131m i\u00e7in astar<br \/>\nKusursuz bir biti\u015f ve kal\u0131c\u0131 kalite i\u00e7in \u00fcretimde \u00fct\u00fc bezi kullan\u0131lm\u0131\u015ft\u0131r<\/p>\n<p>T\u00fcrkiye&#8217;de \u00fcretilmi\u015ftir<\/p>\n","protected":false},"featured_media":9005,"template":"","meta":[],"product_brand":[],"product_cat":[98],"product_tag":[],"class_list":{"0":"post-9363","1":"product","2":"type-product","3":"status-publish","4":"has-post-thumbnail","6":"product_cat-degerli-anlar-zamansiz-resmi-elbiseler","8":"first","9":"instock","10":"taxable","11":"shipping-taxable","12":"purchasable","13":"product-type-variable","14":"has-default-attributes"},"_links":{"self":[{"href":"https:\/\/wearsamoda.com\/tr\/wp-json\/wp\/v2\/product\/9363","targetHints":{"allow":["GET"]}}],"collection":[{"href":"https:\/\/wearsamoda.com\/tr\/wp-json\/wp\/v2\/product"}],"about":[{"href":"https:\/\/wearsamoda.com\/tr\/wp-json\/wp\/v2\/types\/product"}],"version-history":[{"count":1,"href":"https:\/\/wearsamoda.com\/tr\/wp-json\/wp\/v2\/product\/9363\/revisions"}],"predecessor-version":[{"id":9470,"href":"https:\/\/wearsamoda.com\/tr\/wp-json\/wp\/v2\/product\/9363\/revisions\/9470"}],"wp:featuredmedia":[{"embeddable":true,"href":"https:\/\/wearsamoda.com\/tr\/wp-json\/wp\/v2\/media\/9005"}],"wp:attachment":[{"href":"https:\/\/wearsamoda.com\/tr\/wp-json\/wp\/v2\/media?parent=9363"}],"wp:term":[{"taxonomy":"product_brand","embeddable":true,"href":"https:\/\/wearsamoda.com\/tr\/wp-json\/wp\/v2\/product_brand?post=9363"},{"taxonomy":"product_cat","embeddable":true,"href":"https:\/\/wearsamoda.com\/tr\/wp-json\/wp\/v2\/product_cat?post=9363"},{"taxonomy":"product_tag","embeddable":true,"href":"https:\/\/wearsamoda.com\/tr\/wp-json\/wp\/v2\/product_tag?post=9363"}],"curies":[{"name":"wp","href":"https:\/\/api.w.org\/{rel}","templated":true}]}}