{"id":9355,"date":"2025-12-10T17:20:09","date_gmt":"2025-12-10T14:20:09","guid":{"rendered":"https:\/\/wearsamoda.com\/product\/siyah-gumus-etek-takimi\/"},"modified":"2025-12-12T13:26:24","modified_gmt":"2025-12-12T10:26:24","slug":"siyah-gumus-etek-takimi","status":"publish","type":"product","link":"https:\/\/wearsamoda.com\/tr\/urun\/siyah-gumus-etek-takimi\/","title":{"rendered":"Siyah &amp; G\u00fcm\u00fc\u015f Etek Tak\u0131m\u0131"},"content":{"rendered":"","protected":false},"excerpt":{"rendered":"<p>El Yap\u0131m\u0131 Elbise<br \/>\nSiyah ve g\u00fcm\u00fc\u015f jakarl\u0131 ultra yumu\u015fak brokar kuma\u015f<br \/>\n\u015e\u0131k g\u00fcm\u00fc\u015f metal d\u00fc\u011fmeler<br \/>\nEkstra s\u0131cakl\u0131k ve yal\u0131t\u0131m i\u00e7in astar<br \/>\nKusursuz bitirme ve kal\u0131c\u0131 kalite i\u00e7in \u00fcretimde \u00fct\u00fc bezi kullan\u0131lm\u0131\u015ft\u0131r<\/p>\n<p>T\u00fcrkiye&#8217;de \u00fcretilmi\u015ftir<\/p>\n","protected":false},"featured_media":9356,"template":"","meta":[],"product_brand":[],"product_cat":[94],"product_tag":[],"class_list":{"0":"post-9355","1":"product","2":"type-product","3":"status-publish","4":"has-post-thumbnail","6":"product_cat-guc-ve-zarafet-ofis-giyimi","8":"first","9":"instock","10":"taxable","11":"shipping-taxable","12":"purchasable","13":"product-type-simple"},"_links":{"self":[{"href":"https:\/\/wearsamoda.com\/tr\/wp-json\/wp\/v2\/product\/9355","targetHints":{"allow":["GET"]}}],"collection":[{"href":"https:\/\/wearsamoda.com\/tr\/wp-json\/wp\/v2\/product"}],"about":[{"href":"https:\/\/wearsamoda.com\/tr\/wp-json\/wp\/v2\/types\/product"}],"version-history":[{"count":1,"href":"https:\/\/wearsamoda.com\/tr\/wp-json\/wp\/v2\/product\/9355\/revisions"}],"predecessor-version":[{"id":9502,"href":"https:\/\/wearsamoda.com\/tr\/wp-json\/wp\/v2\/product\/9355\/revisions\/9502"}],"wp:featuredmedia":[{"embeddable":true,"href":"https:\/\/wearsamoda.com\/tr\/wp-json\/wp\/v2\/media\/9356"}],"wp:attachment":[{"href":"https:\/\/wearsamoda.com\/tr\/wp-json\/wp\/v2\/media?parent=9355"}],"wp:term":[{"taxonomy":"product_brand","embeddable":true,"href":"https:\/\/wearsamoda.com\/tr\/wp-json\/wp\/v2\/product_brand?post=9355"},{"taxonomy":"product_cat","embeddable":true,"href":"https:\/\/wearsamoda.com\/tr\/wp-json\/wp\/v2\/product_cat?post=9355"},{"taxonomy":"product_tag","embeddable":true,"href":"https:\/\/wearsamoda.com\/tr\/wp-json\/wp\/v2\/product_tag?post=9355"}],"curies":[{"name":"wp","href":"https:\/\/api.w.org\/{rel}","templated":true}]}}