{"id":9342,"date":"2025-12-10T17:20:10","date_gmt":"2025-12-10T14:20:10","guid":{"rendered":"https:\/\/wearsamoda.com\/product\/bebek-pembesi-pamuklu-keten-elbise\/"},"modified":"2026-04-18T17:14:48","modified_gmt":"2026-04-18T14:14:48","slug":"bebek-pembesi-pamuklu-keten-elbise","status":"publish","type":"product","link":"https:\/\/wearsamoda.com\/tr\/urun\/bebek-pembesi-pamuklu-keten-elbise\/","title":{"rendered":"Bebe Pembe Keten Elbise"},"content":{"rendered":"","protected":false},"excerpt":{"rendered":"<p>El Yap\u0131m\u0131 Elbise<br \/>\nYaz aylar\u0131nda ekstra konfor i\u00e7in saf %100 pamuklu keten kuma\u015f<br \/>\nEkstra yal\u0131t\u0131m i\u00e7in astar<br \/>\nElbise \u00fczerinde pembe dantel detaylar\u0131<\/p>\n<p>T\u00fcrkiye&#8217;de \u00fcretilmi\u015ftir<\/p>\n","protected":false},"featured_media":9343,"template":"","meta":[],"product_brand":[],"product_cat":[97],"product_tag":[],"class_list":{"0":"post-9342","1":"product","2":"type-product","3":"status-publish","4":"has-post-thumbnail","6":"product_cat-gunluk-zarafet-klasik-elbiseler","8":"first","9":"outofstock","10":"purchasable","11":"product-type-variable"},"_links":{"self":[{"href":"https:\/\/wearsamoda.com\/tr\/wp-json\/wp\/v2\/product\/9342","targetHints":{"allow":["GET"]}}],"collection":[{"href":"https:\/\/wearsamoda.com\/tr\/wp-json\/wp\/v2\/product"}],"about":[{"href":"https:\/\/wearsamoda.com\/tr\/wp-json\/wp\/v2\/types\/product"}],"version-history":[{"count":1,"href":"https:\/\/wearsamoda.com\/tr\/wp-json\/wp\/v2\/product\/9342\/revisions"}],"predecessor-version":[{"id":9490,"href":"https:\/\/wearsamoda.com\/tr\/wp-json\/wp\/v2\/product\/9342\/revisions\/9490"}],"wp:featuredmedia":[{"embeddable":true,"href":"https:\/\/wearsamoda.com\/tr\/wp-json\/wp\/v2\/media\/9343"}],"wp:attachment":[{"href":"https:\/\/wearsamoda.com\/tr\/wp-json\/wp\/v2\/media?parent=9342"}],"wp:term":[{"taxonomy":"product_brand","embeddable":true,"href":"https:\/\/wearsamoda.com\/tr\/wp-json\/wp\/v2\/product_brand?post=9342"},{"taxonomy":"product_cat","embeddable":true,"href":"https:\/\/wearsamoda.com\/tr\/wp-json\/wp\/v2\/product_cat?post=9342"},{"taxonomy":"product_tag","embeddable":true,"href":"https:\/\/wearsamoda.com\/tr\/wp-json\/wp\/v2\/product_tag?post=9342"}],"curies":[{"name":"wp","href":"https:\/\/api.w.org\/{rel}","templated":true}]}}