{"id":9310,"date":"2025-12-10T17:20:09","date_gmt":"2025-12-10T14:20:09","guid":{"rendered":"https:\/\/wearsamoda.com\/product\/leylak-rengi-pantolonlu-takim\/"},"modified":"2025-12-12T13:24:23","modified_gmt":"2025-12-12T10:24:23","slug":"leylak-rengi-pantolonlu-takim","status":"publish","type":"product","link":"https:\/\/wearsamoda.com\/tr\/urun\/leylak-rengi-pantolonlu-takim\/","title":{"rendered":"Lila Pantolon Ceket"},"content":{"rendered":"","protected":false},"excerpt":{"rendered":"<p>El Yap\u0131m\u0131 Elbise<br \/>\n\u015e\u0131k leylak rengi pantolon ve ceket tak\u0131m\u0131<br \/>\n%100 keten kuma\u015ftan \u00fcretilmi\u015ftir<br \/>\nG\u00fczel beyaz d\u00fc\u011fmeler, boncuk i\u015flemeli organze \u00e7i\u00e7ek s\u00fcslemeli<br \/>\nEkstra s\u0131cakl\u0131k ve yal\u0131t\u0131m i\u00e7in astar<br \/>\nKusursuz bir g\u00f6r\u00fcn\u00fcm ve kal\u0131c\u0131 kalite i\u00e7in \u00fct\u00fcleme bezi kullan\u0131lm\u0131\u015ft\u0131r<\/p>\n<p>T\u00fcrkiye&#8217;de \u00fcretilmi\u015ftir<\/p>\n","protected":false},"featured_media":9460,"template":"","meta":[],"product_brand":[],"product_cat":[94],"product_tag":[],"class_list":{"0":"post-9310","1":"product","2":"type-product","3":"status-publish","4":"has-post-thumbnail","6":"product_cat-guc-ve-zarafet-ofis-giyimi","8":"first","9":"instock","10":"taxable","11":"shipping-taxable","12":"purchasable","13":"product-type-variable"},"_links":{"self":[{"href":"https:\/\/wearsamoda.com\/tr\/wp-json\/wp\/v2\/product\/9310","targetHints":{"allow":["GET"]}}],"collection":[{"href":"https:\/\/wearsamoda.com\/tr\/wp-json\/wp\/v2\/product"}],"about":[{"href":"https:\/\/wearsamoda.com\/tr\/wp-json\/wp\/v2\/types\/product"}],"version-history":[{"count":2,"href":"https:\/\/wearsamoda.com\/tr\/wp-json\/wp\/v2\/product\/9310\/revisions"}],"predecessor-version":[{"id":9495,"href":"https:\/\/wearsamoda.com\/tr\/wp-json\/wp\/v2\/product\/9310\/revisions\/9495"}],"wp:featuredmedia":[{"embeddable":true,"href":"https:\/\/wearsamoda.com\/tr\/wp-json\/wp\/v2\/media\/9460"}],"wp:attachment":[{"href":"https:\/\/wearsamoda.com\/tr\/wp-json\/wp\/v2\/media?parent=9310"}],"wp:term":[{"taxonomy":"product_brand","embeddable":true,"href":"https:\/\/wearsamoda.com\/tr\/wp-json\/wp\/v2\/product_brand?post=9310"},{"taxonomy":"product_cat","embeddable":true,"href":"https:\/\/wearsamoda.com\/tr\/wp-json\/wp\/v2\/product_cat?post=9310"},{"taxonomy":"product_tag","embeddable":true,"href":"https:\/\/wearsamoda.com\/tr\/wp-json\/wp\/v2\/product_tag?post=9310"}],"curies":[{"name":"wp","href":"https:\/\/api.w.org\/{rel}","templated":true}]}}