{"id":9300,"date":"2025-12-10T17:20:09","date_gmt":"2025-12-10T14:20:09","guid":{"rendered":"https:\/\/wearsamoda.com\/product\/pembe-kelebek-elbise\/"},"modified":"2026-04-18T17:16:55","modified_gmt":"2026-04-18T14:16:55","slug":"pembe-kelebek-elbise","status":"publish","type":"product","link":"https:\/\/wearsamoda.com\/tr\/urun\/pembe-kelebek-elbise\/","title":{"rendered":"Pembe Kelebek Elbise"},"content":{"rendered":"","protected":false},"excerpt":{"rendered":"<p>El Yap\u0131m\u0131 Elbise<br \/>\n%100 pamuklu keten kuma\u015ftan yap\u0131lm\u0131\u015ft\u0131r<br \/>\nYaka g\u00fczel ta\u015flar ve inci detaylar\u0131yla s\u00fcslenmi\u015ftir<br \/>\n\u0130nci s\u00fcslemeli kemer tokas\u0131 ile tamamen el yap\u0131m\u0131 kemer<br \/>\nKemerde \u00fc\u00e7 boy ayar\u0131 bulunmaktad\u0131r<br \/>\nTam Boy<br \/>\nEkstra s\u0131cakl\u0131k ve yal\u0131t\u0131m i\u00e7in astar<br \/>\nKusursuz bir biti\u015f ve kal\u0131c\u0131 kalite i\u00e7in \u00fct\u00fcleme bezi eklenmi\u015ftir<\/p>\n<p>T\u00fcrkiye&#8217;de \u00fcretilmi\u015ftir<\/p>\n","protected":false},"featured_media":8997,"template":"","meta":[],"product_brand":[],"product_cat":[97],"product_tag":[],"class_list":{"0":"post-9300","1":"product","2":"type-product","3":"status-publish","4":"has-post-thumbnail","6":"product_cat-gunluk-zarafet-klasik-elbiseler","8":"first","9":"instock","10":"taxable","11":"shipping-taxable","12":"purchasable","13":"product-type-variable"},"_links":{"self":[{"href":"https:\/\/wearsamoda.com\/tr\/wp-json\/wp\/v2\/product\/9300","targetHints":{"allow":["GET"]}}],"collection":[{"href":"https:\/\/wearsamoda.com\/tr\/wp-json\/wp\/v2\/product"}],"about":[{"href":"https:\/\/wearsamoda.com\/tr\/wp-json\/wp\/v2\/types\/product"}],"version-history":[{"count":1,"href":"https:\/\/wearsamoda.com\/tr\/wp-json\/wp\/v2\/product\/9300\/revisions"}],"predecessor-version":[{"id":9494,"href":"https:\/\/wearsamoda.com\/tr\/wp-json\/wp\/v2\/product\/9300\/revisions\/9494"}],"wp:featuredmedia":[{"embeddable":true,"href":"https:\/\/wearsamoda.com\/tr\/wp-json\/wp\/v2\/media\/8997"}],"wp:attachment":[{"href":"https:\/\/wearsamoda.com\/tr\/wp-json\/wp\/v2\/media?parent=9300"}],"wp:term":[{"taxonomy":"product_brand","embeddable":true,"href":"https:\/\/wearsamoda.com\/tr\/wp-json\/wp\/v2\/product_brand?post=9300"},{"taxonomy":"product_cat","embeddable":true,"href":"https:\/\/wearsamoda.com\/tr\/wp-json\/wp\/v2\/product_cat?post=9300"},{"taxonomy":"product_tag","embeddable":true,"href":"https:\/\/wearsamoda.com\/tr\/wp-json\/wp\/v2\/product_tag?post=9300"}],"curies":[{"name":"wp","href":"https:\/\/api.w.org\/{rel}","templated":true}]}}