{"id":9277,"date":"2025-12-10T17:20:10","date_gmt":"2025-12-10T14:20:10","guid":{"rendered":"https:\/\/wearsamoda.com\/product\/bebek-pembesi-klasik\/"},"modified":"2025-12-12T13:23:24","modified_gmt":"2025-12-12T10:23:24","slug":"bebek-pembesi-klasik","status":"publish","type":"product","link":"https:\/\/wearsamoda.com\/tr\/urun\/bebek-pembesi-klasik\/","title":{"rendered":"Bebe Pembe Klasik"},"content":{"rendered":"","protected":false},"excerpt":{"rendered":"<p>El Yap\u0131m\u0131 Elbise<br \/>\nYaz aylar\u0131nda ekstra konfor i\u00e7in %100 saf pamuklu keten kuma\u015f<br \/>\nG\u00fcm\u00fc\u015f kemer tokas\u0131 ve ta\u015f detayl\u0131 el yap\u0131m\u0131 kemer<br \/>\nRahatl\u0131\u011f\u0131n i\u00e7in \u00f6n k\u0131s\u0131mda fermuar<br \/>\nOmuz vatkalar\u0131 ile birlikte ekstra yal\u0131t\u0131m i\u00e7in astar<br \/>\nKusursuz bitirme ve kal\u0131c\u0131 kalite i\u00e7in \u00fcretimde \u00fct\u00fc bezi kullan\u0131lm\u0131\u015ft\u0131r<\/p>\n<p>T\u00fcrkiye&#8217;de \u00fcretilmi\u015ftir<\/p>\n","protected":false},"featured_media":9278,"template":"","meta":[],"product_brand":[],"product_cat":[97],"product_tag":[],"class_list":{"0":"post-9277","1":"product","2":"type-product","3":"status-publish","4":"has-post-thumbnail","6":"product_cat-gunluk-zarafet-klasik-elbiseler","8":"first","9":"outofstock","10":"taxable","11":"shipping-taxable","12":"purchasable","13":"product-type-variable"},"_links":{"self":[{"href":"https:\/\/wearsamoda.com\/tr\/wp-json\/wp\/v2\/product\/9277","targetHints":{"allow":["GET"]}}],"collection":[{"href":"https:\/\/wearsamoda.com\/tr\/wp-json\/wp\/v2\/product"}],"about":[{"href":"https:\/\/wearsamoda.com\/tr\/wp-json\/wp\/v2\/types\/product"}],"version-history":[{"count":1,"href":"https:\/\/wearsamoda.com\/tr\/wp-json\/wp\/v2\/product\/9277\/revisions"}],"predecessor-version":[{"id":9492,"href":"https:\/\/wearsamoda.com\/tr\/wp-json\/wp\/v2\/product\/9277\/revisions\/9492"}],"wp:featuredmedia":[{"embeddable":true,"href":"https:\/\/wearsamoda.com\/tr\/wp-json\/wp\/v2\/media\/9278"}],"wp:attachment":[{"href":"https:\/\/wearsamoda.com\/tr\/wp-json\/wp\/v2\/media?parent=9277"}],"wp:term":[{"taxonomy":"product_brand","embeddable":true,"href":"https:\/\/wearsamoda.com\/tr\/wp-json\/wp\/v2\/product_brand?post=9277"},{"taxonomy":"product_cat","embeddable":true,"href":"https:\/\/wearsamoda.com\/tr\/wp-json\/wp\/v2\/product_cat?post=9277"},{"taxonomy":"product_tag","embeddable":true,"href":"https:\/\/wearsamoda.com\/tr\/wp-json\/wp\/v2\/product_tag?post=9277"}],"curies":[{"name":"wp","href":"https:\/\/api.w.org\/{rel}","templated":true}]}}