{"id":9276,"date":"2025-12-10T17:20:09","date_gmt":"2025-12-10T14:20:09","guid":{"rendered":"https:\/\/wearsamoda.com\/product\/siyah-tuy\/"},"modified":"2025-12-12T13:25:24","modified_gmt":"2025-12-12T10:25:24","slug":"siyah-tuy","status":"publish","type":"product","link":"https:\/\/wearsamoda.com\/tr\/urun\/siyah-tuy\/","title":{"rendered":"Siyah T\u00fcy"},"content":{"rendered":"","protected":false},"excerpt":{"rendered":"<p>El Yap\u0131m\u0131 Elbise<br \/>\n\u015e\u0131k siyah pantolon ve ceket tak\u0131m\u0131<br \/>\nT\u00fcm y\u00fczeyi nak\u0131\u015f detayl\u0131 kadife kuma\u015ftan \u00fcretilmi\u015ftir<br \/>\nEkstra s\u0131cakl\u0131k ve yal\u0131t\u0131m i\u00e7in astar<br \/>\nKusursuz bitirme ve kal\u0131c\u0131 kalite i\u00e7in \u00fct\u00fcleme bezi eklenmi\u015ftir<\/p>\n<p>T\u00fcrkiye&#8217;de \u00fcretilmi\u015ftir<\/p>\n","protected":false},"featured_media":9279,"template":"","meta":[],"product_brand":[],"product_cat":[94],"product_tag":[],"class_list":{"0":"post-9276","1":"product","2":"type-product","3":"status-publish","4":"has-post-thumbnail","6":"product_cat-guc-ve-zarafet-ofis-giyimi","8":"first","9":"instock","10":"taxable","11":"shipping-taxable","12":"purchasable","13":"product-type-variable"},"_links":{"self":[{"href":"https:\/\/wearsamoda.com\/tr\/wp-json\/wp\/v2\/product\/9276","targetHints":{"allow":["GET"]}}],"collection":[{"href":"https:\/\/wearsamoda.com\/tr\/wp-json\/wp\/v2\/product"}],"about":[{"href":"https:\/\/wearsamoda.com\/tr\/wp-json\/wp\/v2\/types\/product"}],"version-history":[{"count":1,"href":"https:\/\/wearsamoda.com\/tr\/wp-json\/wp\/v2\/product\/9276\/revisions"}],"predecessor-version":[{"id":9499,"href":"https:\/\/wearsamoda.com\/tr\/wp-json\/wp\/v2\/product\/9276\/revisions\/9499"}],"wp:featuredmedia":[{"embeddable":true,"href":"https:\/\/wearsamoda.com\/tr\/wp-json\/wp\/v2\/media\/9279"}],"wp:attachment":[{"href":"https:\/\/wearsamoda.com\/tr\/wp-json\/wp\/v2\/media?parent=9276"}],"wp:term":[{"taxonomy":"product_brand","embeddable":true,"href":"https:\/\/wearsamoda.com\/tr\/wp-json\/wp\/v2\/product_brand?post=9276"},{"taxonomy":"product_cat","embeddable":true,"href":"https:\/\/wearsamoda.com\/tr\/wp-json\/wp\/v2\/product_cat?post=9276"},{"taxonomy":"product_tag","embeddable":true,"href":"https:\/\/wearsamoda.com\/tr\/wp-json\/wp\/v2\/product_tag?post=9276"}],"curies":[{"name":"wp","href":"https:\/\/api.w.org\/{rel}","templated":true}]}}