{"id":9224,"date":"2025-12-10T17:20:10","date_gmt":"2025-12-10T14:20:10","guid":{"rendered":"https:\/\/wearsamoda.com\/product\/siyah-pantolon-ceket\/"},"modified":"2025-12-12T13:22:57","modified_gmt":"2025-12-12T10:22:57","slug":"siyah-pantolon-ceket","status":"publish","type":"product","link":"https:\/\/wearsamoda.com\/tr\/urun\/siyah-pantolon-ceket\/","title":{"rendered":"Siyah Pantolon Ceket"},"content":{"rendered":"","protected":false},"excerpt":{"rendered":"<p>El Yap\u0131m\u0131 Pantolon Ceketler<br \/>\nYaz aylar\u0131nda ekstra konfor i\u00e7in krep kuma\u015f<br \/>\nAlt\u0131n rengi metal d\u00fc\u011fmeler<br \/>\nEkstra yal\u0131t\u0131m i\u00e7in astar<br \/>\nKusursuz bitirme ve kal\u0131c\u0131 kalite i\u00e7in \u00fcretimde \u00fct\u00fc bezi kullan\u0131lm\u0131\u015ft\u0131r<\/p>\n<p>T\u00fcrkiye&#8217;de \u00fcretilmi\u015ftir<\/p>\n","protected":false},"featured_media":9233,"template":"","meta":[],"product_brand":[],"product_cat":[94],"product_tag":[],"class_list":{"0":"post-9224","1":"product","2":"type-product","3":"status-publish","4":"has-post-thumbnail","6":"product_cat-guc-ve-zarafet-ofis-giyimi","8":"first","9":"outofstock","10":"taxable","11":"shipping-taxable","12":"purchasable","13":"product-type-variable"},"_links":{"self":[{"href":"https:\/\/wearsamoda.com\/tr\/wp-json\/wp\/v2\/product\/9224","targetHints":{"allow":["GET"]}}],"collection":[{"href":"https:\/\/wearsamoda.com\/tr\/wp-json\/wp\/v2\/product"}],"about":[{"href":"https:\/\/wearsamoda.com\/tr\/wp-json\/wp\/v2\/types\/product"}],"version-history":[{"count":1,"href":"https:\/\/wearsamoda.com\/tr\/wp-json\/wp\/v2\/product\/9224\/revisions"}],"predecessor-version":[{"id":9491,"href":"https:\/\/wearsamoda.com\/tr\/wp-json\/wp\/v2\/product\/9224\/revisions\/9491"}],"wp:featuredmedia":[{"embeddable":true,"href":"https:\/\/wearsamoda.com\/tr\/wp-json\/wp\/v2\/media\/9233"}],"wp:attachment":[{"href":"https:\/\/wearsamoda.com\/tr\/wp-json\/wp\/v2\/media?parent=9224"}],"wp:term":[{"taxonomy":"product_brand","embeddable":true,"href":"https:\/\/wearsamoda.com\/tr\/wp-json\/wp\/v2\/product_brand?post=9224"},{"taxonomy":"product_cat","embeddable":true,"href":"https:\/\/wearsamoda.com\/tr\/wp-json\/wp\/v2\/product_cat?post=9224"},{"taxonomy":"product_tag","embeddable":true,"href":"https:\/\/wearsamoda.com\/tr\/wp-json\/wp\/v2\/product_tag?post=9224"}],"curies":[{"name":"wp","href":"https:\/\/api.w.org\/{rel}","templated":true}]}}