{"id":9205,"date":"2025-12-04T06:44:59","date_gmt":"2025-12-04T06:44:59","guid":{"rendered":"https:\/\/wearsamoda.com\/product\/gece-gokyuzu\/"},"modified":"2025-12-12T13:26:54","modified_gmt":"2025-12-12T10:26:54","slug":"gece-gokyuzu","status":"publish","type":"product","link":"https:\/\/wearsamoda.com\/tr\/urun\/gece-gokyuzu\/","title":{"rendered":"Gece G\u00f6ky\u00fcz\u00fc"},"content":{"rendered":"","protected":false},"excerpt":{"rendered":"<p>Tamamen el yap\u0131m\u0131 elbise<br \/>\nY\u00fcksek kaliteli krep kuma\u015ftan \u00fcretilmi\u015ftir<br \/>\nKol ve yakada ta\u015f ve inci detaylar\u0131<br \/>\nAstarl\u0131 ve astars\u0131z elbise<br \/>\nEl yap\u0131m\u0131 \u00e7i\u00e7ekler<\/p>\n","protected":false},"featured_media":9206,"template":"","meta":[],"product_brand":[],"product_cat":[98],"product_tag":[],"class_list":{"0":"post-9205","1":"product","2":"type-product","3":"status-publish","4":"has-post-thumbnail","6":"product_cat-degerli-anlar-zamansiz-resmi-elbiseler","8":"first","9":"instock","10":"taxable","11":"shipping-taxable","12":"purchasable","13":"product-type-variable"},"_links":{"self":[{"href":"https:\/\/wearsamoda.com\/tr\/wp-json\/wp\/v2\/product\/9205","targetHints":{"allow":["GET"]}}],"collection":[{"href":"https:\/\/wearsamoda.com\/tr\/wp-json\/wp\/v2\/product"}],"about":[{"href":"https:\/\/wearsamoda.com\/tr\/wp-json\/wp\/v2\/types\/product"}],"version-history":[{"count":1,"href":"https:\/\/wearsamoda.com\/tr\/wp-json\/wp\/v2\/product\/9205\/revisions"}],"predecessor-version":[{"id":9504,"href":"https:\/\/wearsamoda.com\/tr\/wp-json\/wp\/v2\/product\/9205\/revisions\/9504"}],"wp:featuredmedia":[{"embeddable":true,"href":"https:\/\/wearsamoda.com\/tr\/wp-json\/wp\/v2\/media\/9206"}],"wp:attachment":[{"href":"https:\/\/wearsamoda.com\/tr\/wp-json\/wp\/v2\/media?parent=9205"}],"wp:term":[{"taxonomy":"product_brand","embeddable":true,"href":"https:\/\/wearsamoda.com\/tr\/wp-json\/wp\/v2\/product_brand?post=9205"},{"taxonomy":"product_cat","embeddable":true,"href":"https:\/\/wearsamoda.com\/tr\/wp-json\/wp\/v2\/product_cat?post=9205"},{"taxonomy":"product_tag","embeddable":true,"href":"https:\/\/wearsamoda.com\/tr\/wp-json\/wp\/v2\/product_tag?post=9205"}],"curies":[{"name":"wp","href":"https:\/\/api.w.org\/{rel}","templated":true}]}}