{"id":9193,"date":"2025-12-10T17:20:16","date_gmt":"2025-12-10T14:20:16","guid":{"rendered":"https:\/\/wearsamoda.com\/product\/beyaz-guvercin\/"},"modified":"2025-12-12T13:15:21","modified_gmt":"2025-12-12T10:15:21","slug":"beyaz-guvercin","status":"publish","type":"product","link":"https:\/\/wearsamoda.com\/tr\/urun\/beyaz-guvercin\/","title":{"rendered":"Beyaz G\u00fcvercin"},"content":{"rendered":"","protected":false},"excerpt":{"rendered":"<p>El Yap\u0131m\u0131 Elbise<br \/>\n\u0130thal taranm\u0131\u015f pamuk kuma\u015f. 3D beyaz \u00e7i\u00e7ek deseni elbiseye ekstra zarafet kat\u0131yor.<br \/>\nBeyaz inci d\u00fc\u011fmeler ve t\u00fcm elbise \u00fczerindeki beyaz dantel detaylar\u0131 ekstra \u015f\u0131kl\u0131k kat\u0131yor.<br \/>\nEkstra yal\u0131t\u0131m i\u00e7in astar<br \/>\nKusursuz bir biti\u015f ve kal\u0131c\u0131 kalite i\u00e7in \u00fct\u00fcleme bezi eklendi <\/p>\n<p>T\u00fcrkiye&#8217;de \u00dcretilmi\u015ftir<\/p>\n","protected":false},"featured_media":9195,"template":"","meta":[],"product_brand":[],"product_cat":[98],"product_tag":[],"class_list":{"0":"post-9193","1":"product","2":"type-product","3":"status-publish","4":"has-post-thumbnail","6":"product_cat-degerli-anlar-zamansiz-resmi-elbiseler","8":"first","9":"outofstock","10":"taxable","11":"shipping-taxable","12":"purchasable","13":"product-type-variable"},"_links":{"self":[{"href":"https:\/\/wearsamoda.com\/tr\/wp-json\/wp\/v2\/product\/9193","targetHints":{"allow":["GET"]}}],"collection":[{"href":"https:\/\/wearsamoda.com\/tr\/wp-json\/wp\/v2\/product"}],"about":[{"href":"https:\/\/wearsamoda.com\/tr\/wp-json\/wp\/v2\/types\/product"}],"version-history":[{"count":1,"href":"https:\/\/wearsamoda.com\/tr\/wp-json\/wp\/v2\/product\/9193\/revisions"}],"predecessor-version":[{"id":9479,"href":"https:\/\/wearsamoda.com\/tr\/wp-json\/wp\/v2\/product\/9193\/revisions\/9479"}],"wp:featuredmedia":[{"embeddable":true,"href":"https:\/\/wearsamoda.com\/tr\/wp-json\/wp\/v2\/media\/9195"}],"wp:attachment":[{"href":"https:\/\/wearsamoda.com\/tr\/wp-json\/wp\/v2\/media?parent=9193"}],"wp:term":[{"taxonomy":"product_brand","embeddable":true,"href":"https:\/\/wearsamoda.com\/tr\/wp-json\/wp\/v2\/product_brand?post=9193"},{"taxonomy":"product_cat","embeddable":true,"href":"https:\/\/wearsamoda.com\/tr\/wp-json\/wp\/v2\/product_cat?post=9193"},{"taxonomy":"product_tag","embeddable":true,"href":"https:\/\/wearsamoda.com\/tr\/wp-json\/wp\/v2\/product_tag?post=9193"}],"curies":[{"name":"wp","href":"https:\/\/api.w.org\/{rel}","templated":true}]}}