{"id":9186,"date":"2025-12-10T17:20:16","date_gmt":"2025-12-10T14:20:16","guid":{"rendered":"https:\/\/wearsamoda.com\/product\/beyaz-pamuk-gunluk\/"},"modified":"2025-12-12T13:18:24","modified_gmt":"2025-12-12T10:18:24","slug":"beyaz-pamuk-gunluk","status":"publish","type":"product","link":"https:\/\/wearsamoda.com\/tr\/urun\/beyaz-pamuk-gunluk\/","title":{"rendered":"Beyaz Pamuk G\u00fcndelik"},"content":{"rendered":"","protected":false},"excerpt":{"rendered":"<p>El Yap\u0131m\u0131 Elbise<br \/>\nYaz\u0131n ekstra rahatl\u0131k i\u00e7in saf %100 pamuklu keten kuma\u015f<br \/>\nEkstra konfor i\u00e7in pantolonda lastik bulunmaktad\u0131r<br \/>\nEkstra yal\u0131t\u0131m i\u00e7in astar<br \/>\nKusursuz bir biti\u015f ve kal\u0131c\u0131 kalite i\u00e7in \u00fct\u00fcleme bezi eklendi<\/p>\n<p>T\u00fcrkiye&#8217;de \u00fcretilmi\u015ftir<\/p>\n","protected":false},"featured_media":9187,"template":"","meta":[],"product_brand":[],"product_cat":[94],"product_tag":[],"class_list":{"0":"post-9186","1":"product","2":"type-product","3":"status-publish","4":"has-post-thumbnail","6":"product_cat-guc-ve-zarafet-ofis-giyimi","8":"first","9":"outofstock","10":"taxable","11":"shipping-taxable","12":"purchasable","13":"product-type-variable"},"_links":{"self":[{"href":"https:\/\/wearsamoda.com\/tr\/wp-json\/wp\/v2\/product\/9186","targetHints":{"allow":["GET"]}}],"collection":[{"href":"https:\/\/wearsamoda.com\/tr\/wp-json\/wp\/v2\/product"}],"about":[{"href":"https:\/\/wearsamoda.com\/tr\/wp-json\/wp\/v2\/types\/product"}],"version-history":[{"count":1,"href":"https:\/\/wearsamoda.com\/tr\/wp-json\/wp\/v2\/product\/9186\/revisions"}],"predecessor-version":[{"id":9484,"href":"https:\/\/wearsamoda.com\/tr\/wp-json\/wp\/v2\/product\/9186\/revisions\/9484"}],"wp:featuredmedia":[{"embeddable":true,"href":"https:\/\/wearsamoda.com\/tr\/wp-json\/wp\/v2\/media\/9187"}],"wp:attachment":[{"href":"https:\/\/wearsamoda.com\/tr\/wp-json\/wp\/v2\/media?parent=9186"}],"wp:term":[{"taxonomy":"product_brand","embeddable":true,"href":"https:\/\/wearsamoda.com\/tr\/wp-json\/wp\/v2\/product_brand?post=9186"},{"taxonomy":"product_cat","embeddable":true,"href":"https:\/\/wearsamoda.com\/tr\/wp-json\/wp\/v2\/product_cat?post=9186"},{"taxonomy":"product_tag","embeddable":true,"href":"https:\/\/wearsamoda.com\/tr\/wp-json\/wp\/v2\/product_tag?post=9186"}],"curies":[{"name":"wp","href":"https:\/\/api.w.org\/{rel}","templated":true}]}}