{"id":9156,"date":"2025-12-10T17:20:17","date_gmt":"2025-12-10T14:20:17","guid":{"rendered":"https:\/\/wearsamoda.com\/product\/siyah-inci\/"},"modified":"2026-04-06T17:53:29","modified_gmt":"2026-04-06T14:53:29","slug":"siyah-inci","status":"publish","type":"product","link":"https:\/\/wearsamoda.com\/tr\/urun\/siyah-inci\/","title":{"rendered":"Siyah \u0130nci"},"content":{"rendered":"","protected":false},"excerpt":{"rendered":"<p>El Yap\u0131m\u0131 Elbise<br \/>\nY\u00fcksek kaliteli krep kuma\u015f<br \/>\nSiyah inci d\u00fc\u011fmeler ekstra zarafet kat\u0131yor<br \/>\nEkstra yal\u0131t\u0131m i\u00e7in astar<br \/>\nKusursuz bitirme ve kal\u0131c\u0131 kalite i\u00e7in \u00fcretimde \u00fct\u00fc bezi kullan\u0131ld\u0131<\/p>\n<p>T\u00fcrkiye&#8217;de \u00fcretildi<\/p>\n","protected":false},"featured_media":9157,"template":"","meta":[],"product_brand":[],"product_cat":[97],"product_tag":[],"class_list":{"0":"post-9156","1":"product","2":"type-product","3":"status-publish","4":"has-post-thumbnail","6":"product_cat-gunluk-zarafet-klasik-elbiseler","8":"first","9":"instock","10":"taxable","11":"shipping-taxable","12":"purchasable","13":"product-type-variable"},"_links":{"self":[{"href":"https:\/\/wearsamoda.com\/tr\/wp-json\/wp\/v2\/product\/9156","targetHints":{"allow":["GET"]}}],"collection":[{"href":"https:\/\/wearsamoda.com\/tr\/wp-json\/wp\/v2\/product"}],"about":[{"href":"https:\/\/wearsamoda.com\/tr\/wp-json\/wp\/v2\/types\/product"}],"version-history":[{"count":1,"href":"https:\/\/wearsamoda.com\/tr\/wp-json\/wp\/v2\/product\/9156\/revisions"}],"predecessor-version":[{"id":9477,"href":"https:\/\/wearsamoda.com\/tr\/wp-json\/wp\/v2\/product\/9156\/revisions\/9477"}],"wp:featuredmedia":[{"embeddable":true,"href":"https:\/\/wearsamoda.com\/tr\/wp-json\/wp\/v2\/media\/9157"}],"wp:attachment":[{"href":"https:\/\/wearsamoda.com\/tr\/wp-json\/wp\/v2\/media?parent=9156"}],"wp:term":[{"taxonomy":"product_brand","embeddable":true,"href":"https:\/\/wearsamoda.com\/tr\/wp-json\/wp\/v2\/product_brand?post=9156"},{"taxonomy":"product_cat","embeddable":true,"href":"https:\/\/wearsamoda.com\/tr\/wp-json\/wp\/v2\/product_cat?post=9156"},{"taxonomy":"product_tag","embeddable":true,"href":"https:\/\/wearsamoda.com\/tr\/wp-json\/wp\/v2\/product_tag?post=9156"}],"curies":[{"name":"wp","href":"https:\/\/api.w.org\/{rel}","templated":true}]}}