{"id":9140,"date":"2025-12-10T17:20:37","date_gmt":"2025-12-10T14:20:37","guid":{"rendered":"https:\/\/wearsamoda.com\/product\/hayallerimin-bahcesi\/"},"modified":"2025-12-28T00:51:47","modified_gmt":"2025-12-27T21:51:47","slug":"hayallerimin-bahcesi","status":"publish","type":"product","link":"https:\/\/wearsamoda.com\/tr\/urun\/hayallerimin-bahcesi\/","title":{"rendered":"Hayallerimin bah\u00e7esi"},"content":{"rendered":"","protected":false},"excerpt":{"rendered":"<p>El Yap\u0131m\u0131 Elbise<br \/>\nY\u00fcksek kaliteli ipek saten kuma\u015ftan yap\u0131lm\u0131\u015ft\u0131r<br \/>\nElbise ve t\u00fcl ger\u00e7ek inciler, ta\u015flar, k\u00fcrk ve el yap\u0131m\u0131 \u00e7i\u00e7ek detaylar\u0131 ile s\u00fcslenmi\u015ftir<br \/>\nEl yap\u0131m\u0131 \u00e7i\u00e7ekler<br \/>\nOrganze kuma\u015f \u00fczerine yap\u0131lm\u0131\u015f t\u00fcl<br \/>\nE\u015fle\u015fen e\u015farp<br \/>\nEkstra yal\u0131t\u0131m i\u00e7in astar<\/p>\n<p>T\u00fcrkiye&#8217;de \u00fcretilmi\u015ftir<\/p>\n","protected":false},"featured_media":9142,"template":"","meta":[],"product_brand":[],"product_cat":[98],"product_tag":[],"class_list":{"0":"post-9140","1":"product","2":"type-product","3":"status-publish","4":"has-post-thumbnail","6":"product_cat-degerli-anlar-zamansiz-resmi-elbiseler","8":"first","9":"instock","10":"taxable","11":"shipping-taxable","12":"purchasable","13":"product-type-variable"},"_links":{"self":[{"href":"https:\/\/wearsamoda.com\/tr\/wp-json\/wp\/v2\/product\/9140","targetHints":{"allow":["GET"]}}],"collection":[{"href":"https:\/\/wearsamoda.com\/tr\/wp-json\/wp\/v2\/product"}],"about":[{"href":"https:\/\/wearsamoda.com\/tr\/wp-json\/wp\/v2\/types\/product"}],"version-history":[{"count":1,"href":"https:\/\/wearsamoda.com\/tr\/wp-json\/wp\/v2\/product\/9140\/revisions"}],"predecessor-version":[{"id":9472,"href":"https:\/\/wearsamoda.com\/tr\/wp-json\/wp\/v2\/product\/9140\/revisions\/9472"}],"wp:featuredmedia":[{"embeddable":true,"href":"https:\/\/wearsamoda.com\/tr\/wp-json\/wp\/v2\/media\/9142"}],"wp:attachment":[{"href":"https:\/\/wearsamoda.com\/tr\/wp-json\/wp\/v2\/media?parent=9140"}],"wp:term":[{"taxonomy":"product_brand","embeddable":true,"href":"https:\/\/wearsamoda.com\/tr\/wp-json\/wp\/v2\/product_brand?post=9140"},{"taxonomy":"product_cat","embeddable":true,"href":"https:\/\/wearsamoda.com\/tr\/wp-json\/wp\/v2\/product_cat?post=9140"},{"taxonomy":"product_tag","embeddable":true,"href":"https:\/\/wearsamoda.com\/tr\/wp-json\/wp\/v2\/product_tag?post=9140"}],"curies":[{"name":"wp","href":"https:\/\/api.w.org\/{rel}","templated":true}]}}