{"id":9125,"date":"2025-12-10T17:20:16","date_gmt":"2025-12-10T14:20:16","guid":{"rendered":"https:\/\/wearsamoda.com\/product\/beyaz-ruya\/"},"modified":"2026-04-16T11:53:47","modified_gmt":"2026-04-16T08:53:47","slug":"beyaz-ruya","status":"publish","type":"product","link":"https:\/\/wearsamoda.com\/tr\/urun\/beyaz-ruya\/","title":{"rendered":"Beyaz Hayali"},"content":{"rendered":"","protected":false},"excerpt":{"rendered":"<p>El Yap\u0131m\u0131 Elbise<br \/>\nYaz\u0131n ekstra konfor i\u00e7in %100 pamuk kuma\u015f.<br \/>\nBeyaz inci d\u00fc\u011fmeler ve elbise boyunca beyaz dantel detaylar ekstra zarafet kat\u0131yor.<br \/>\nEkstra yal\u0131t\u0131m i\u00e7in astar<br \/>\nKusursuz biti\u015f ve kal\u0131c\u0131 kalite i\u00e7in \u00fcretimde \u00fct\u00fc bezi kullan\u0131ld\u0131<\/p>\n<p>T\u00fcrkiye&#8217;de \u00fcretildi<\/p>\n","protected":false},"featured_media":9126,"template":"","meta":[],"product_brand":[],"product_cat":[97],"product_tag":[],"class_list":{"0":"post-9125","1":"product","2":"type-product","3":"status-publish","4":"has-post-thumbnail","6":"product_cat-gunluk-zarafet-klasik-elbiseler","8":"first","9":"outofstock","10":"taxable","11":"shipping-taxable","12":"purchasable","13":"product-type-variable"},"_links":{"self":[{"href":"https:\/\/wearsamoda.com\/tr\/wp-json\/wp\/v2\/product\/9125","targetHints":{"allow":["GET"]}}],"collection":[{"href":"https:\/\/wearsamoda.com\/tr\/wp-json\/wp\/v2\/product"}],"about":[{"href":"https:\/\/wearsamoda.com\/tr\/wp-json\/wp\/v2\/types\/product"}],"version-history":[{"count":2,"href":"https:\/\/wearsamoda.com\/tr\/wp-json\/wp\/v2\/product\/9125\/revisions"}],"predecessor-version":[{"id":9485,"href":"https:\/\/wearsamoda.com\/tr\/wp-json\/wp\/v2\/product\/9125\/revisions\/9485"}],"wp:featuredmedia":[{"embeddable":true,"href":"https:\/\/wearsamoda.com\/tr\/wp-json\/wp\/v2\/media\/9126"}],"wp:attachment":[{"href":"https:\/\/wearsamoda.com\/tr\/wp-json\/wp\/v2\/media?parent=9125"}],"wp:term":[{"taxonomy":"product_brand","embeddable":true,"href":"https:\/\/wearsamoda.com\/tr\/wp-json\/wp\/v2\/product_brand?post=9125"},{"taxonomy":"product_cat","embeddable":true,"href":"https:\/\/wearsamoda.com\/tr\/wp-json\/wp\/v2\/product_cat?post=9125"},{"taxonomy":"product_tag","embeddable":true,"href":"https:\/\/wearsamoda.com\/tr\/wp-json\/wp\/v2\/product_tag?post=9125"}],"curies":[{"name":"wp","href":"https:\/\/api.w.org\/{rel}","templated":true}]}}