{"id":9104,"date":"2025-12-10T17:20:16","date_gmt":"2025-12-10T14:20:16","guid":{"rendered":"https:\/\/wearsamoda.com\/product\/krem-klasik-pantolon-takimi\/"},"modified":"2025-12-12T13:22:18","modified_gmt":"2025-12-12T10:22:18","slug":"krem-klasik-pantolon-takimi","status":"publish","type":"product","link":"https:\/\/wearsamoda.com\/tr\/urun\/krem-klasik-pantolon-takimi\/","title":{"rendered":"Krem Klasik Pantolon Tak\u0131m\u0131"},"content":{"rendered":"","protected":false},"excerpt":{"rendered":"<p>El Yap\u0131m\u0131 Pantolon Ceketleri<br \/>\nYaz aylar\u0131nda ekstra konfor i\u00e7in \u00e7ok narin dantel kuma\u015ftan yap\u0131lm\u0131\u015ft\u0131r<br \/>\nBu tak\u0131m\u0131 daha da g\u00fczel k\u0131lmak i\u00e7in inciler ve g\u00fczel \u00e7i\u00e7eklerle s\u00fcslenmi\u015ftir<br \/>\nEtek ekstra konfor sa\u011flamak i\u00e7in lastiklidir<br \/>\nEkstra yal\u0131t\u0131m i\u00e7in astar<br \/>\nKusursuz biti\u015f ve kal\u0131c\u0131 kalite i\u00e7in \u00fcretimde \u00fct\u00fc bezi kullan\u0131lm\u0131\u015ft\u0131r<\/p>\n<p>T\u00fcrkiye&#8217;de \u00fcretilmi\u015ftir<\/p>\n","protected":false},"featured_media":9105,"template":"","meta":[],"product_brand":[],"product_cat":[94],"product_tag":[],"class_list":{"0":"post-9104","1":"product","2":"type-product","3":"status-publish","4":"has-post-thumbnail","6":"product_cat-guc-ve-zarafet-ofis-giyimi","8":"first","9":"outofstock","10":"taxable","11":"shipping-taxable","12":"purchasable","13":"product-type-variable"},"_links":{"self":[{"href":"https:\/\/wearsamoda.com\/tr\/wp-json\/wp\/v2\/product\/9104","targetHints":{"allow":["GET"]}}],"collection":[{"href":"https:\/\/wearsamoda.com\/tr\/wp-json\/wp\/v2\/product"}],"about":[{"href":"https:\/\/wearsamoda.com\/tr\/wp-json\/wp\/v2\/types\/product"}],"version-history":[{"count":1,"href":"https:\/\/wearsamoda.com\/tr\/wp-json\/wp\/v2\/product\/9104\/revisions"}],"predecessor-version":[{"id":9489,"href":"https:\/\/wearsamoda.com\/tr\/wp-json\/wp\/v2\/product\/9104\/revisions\/9489"}],"wp:featuredmedia":[{"embeddable":true,"href":"https:\/\/wearsamoda.com\/tr\/wp-json\/wp\/v2\/media\/9105"}],"wp:attachment":[{"href":"https:\/\/wearsamoda.com\/tr\/wp-json\/wp\/v2\/media?parent=9104"}],"wp:term":[{"taxonomy":"product_brand","embeddable":true,"href":"https:\/\/wearsamoda.com\/tr\/wp-json\/wp\/v2\/product_brand?post=9104"},{"taxonomy":"product_cat","embeddable":true,"href":"https:\/\/wearsamoda.com\/tr\/wp-json\/wp\/v2\/product_cat?post=9104"},{"taxonomy":"product_tag","embeddable":true,"href":"https:\/\/wearsamoda.com\/tr\/wp-json\/wp\/v2\/product_tag?post=9104"}],"curies":[{"name":"wp","href":"https:\/\/api.w.org\/{rel}","templated":true}]}}