{"id":9089,"date":"2025-12-10T17:20:16","date_gmt":"2025-12-10T14:20:16","guid":{"rendered":"https:\/\/wearsamoda.com\/product\/krem-klasik-etek-takimi\/"},"modified":"2026-04-19T11:58:00","modified_gmt":"2026-04-19T08:58:00","slug":"krem-klasik-etek-takimi","status":"publish","type":"product","link":"https:\/\/wearsamoda.com\/tr\/urun\/krem-klasik-etek-takimi\/","title":{"rendered":"Krem Klasik Etek Tak\u0131m\u0131"},"content":{"rendered":"","protected":false},"excerpt":{"rendered":"<p>El Yap\u0131m\u0131 Etek Ceketler<br \/>\nYazlarda ekstra konfor i\u00e7in \u00e7ok narin dantel kuma\u015ftan yap\u0131lm\u0131\u015f<br \/>\nBu tak\u0131m\u0131 daha da g\u00fczel k\u0131lmak i\u00e7in inciler ve g\u00fczel \u00e7i\u00e7eklerle s\u00fcslenmi\u015f<br \/>\nEtek ekstra konfor ve stil sa\u011flamak i\u00e7in lastikli<br \/>\nEkstra yal\u0131t\u0131m i\u00e7in astar<br \/>\nKusursuz biti\u015f ve kal\u0131c\u0131 kalite i\u00e7in \u00fcretimde \u00fct\u00fc bezi kullan\u0131lm\u0131\u015f<\/p>\n<p>T\u00fcrkiye&#8217;de \u00fcretilmi\u015ftir<\/p>\n","protected":false},"featured_media":9090,"template":"","meta":[],"product_brand":[],"product_cat":[94],"product_tag":[],"class_list":{"0":"post-9089","1":"product","2":"type-product","3":"status-publish","4":"has-post-thumbnail","6":"product_cat-guc-ve-zarafet-ofis-giyimi","8":"first","9":"instock","10":"taxable","11":"shipping-taxable","12":"purchasable","13":"product-type-variable"},"_links":{"self":[{"href":"https:\/\/wearsamoda.com\/tr\/wp-json\/wp\/v2\/product\/9089","targetHints":{"allow":["GET"]}}],"collection":[{"href":"https:\/\/wearsamoda.com\/tr\/wp-json\/wp\/v2\/product"}],"about":[{"href":"https:\/\/wearsamoda.com\/tr\/wp-json\/wp\/v2\/types\/product"}],"version-history":[{"count":1,"href":"https:\/\/wearsamoda.com\/tr\/wp-json\/wp\/v2\/product\/9089\/revisions"}],"predecessor-version":[{"id":9488,"href":"https:\/\/wearsamoda.com\/tr\/wp-json\/wp\/v2\/product\/9089\/revisions\/9488"}],"wp:featuredmedia":[{"embeddable":true,"href":"https:\/\/wearsamoda.com\/tr\/wp-json\/wp\/v2\/media\/9090"}],"wp:attachment":[{"href":"https:\/\/wearsamoda.com\/tr\/wp-json\/wp\/v2\/media?parent=9089"}],"wp:term":[{"taxonomy":"product_brand","embeddable":true,"href":"https:\/\/wearsamoda.com\/tr\/wp-json\/wp\/v2\/product_brand?post=9089"},{"taxonomy":"product_cat","embeddable":true,"href":"https:\/\/wearsamoda.com\/tr\/wp-json\/wp\/v2\/product_cat?post=9089"},{"taxonomy":"product_tag","embeddable":true,"href":"https:\/\/wearsamoda.com\/tr\/wp-json\/wp\/v2\/product_tag?post=9089"}],"curies":[{"name":"wp","href":"https:\/\/api.w.org\/{rel}","templated":true}]}}