{"id":9081,"date":"2025-12-10T17:20:16","date_gmt":"2025-12-10T14:20:16","guid":{"rendered":"https:\/\/wearsamoda.com\/product\/leylak-ruyasi\/"},"modified":"2025-12-12T13:20:21","modified_gmt":"2025-12-12T10:20:21","slug":"leylak-ruyasi","status":"publish","type":"product","link":"https:\/\/wearsamoda.com\/tr\/urun\/leylak-ruyasi\/","title":{"rendered":"Hayali Lila"},"content":{"rendered":"","protected":false},"excerpt":{"rendered":"<p>El Yap\u0131m\u0131 Elbise<br \/>\nYaz\u0131n ekstra konfor i\u00e7in pamuklu kuma\u015f<br \/>\nBeyaz inci ekstra zarafet kat\u0131yor. Metal kemer tokas\u0131<br \/>\nEkstra yal\u0131t\u0131m i\u00e7in astar<br \/>\nKusursuz biti\u015f ve kal\u0131c\u0131 kalite i\u00e7in \u00fcretimde \u00fct\u00fc bezi kullan\u0131ld\u0131 <\/p>\n<p>T\u00fcrkiye&#8217;de \u00dcretildi<\/p>\n","protected":false},"featured_media":9082,"template":"","meta":[],"product_brand":[],"product_cat":[97],"product_tag":[],"class_list":{"0":"post-9081","1":"product","2":"type-product","3":"status-publish","4":"has-post-thumbnail","6":"product_cat-gunluk-zarafet-klasik-elbiseler","8":"first","9":"outofstock","10":"taxable","11":"shipping-taxable","12":"purchasable","13":"product-type-variable"},"_links":{"self":[{"href":"https:\/\/wearsamoda.com\/tr\/wp-json\/wp\/v2\/product\/9081","targetHints":{"allow":["GET"]}}],"collection":[{"href":"https:\/\/wearsamoda.com\/tr\/wp-json\/wp\/v2\/product"}],"about":[{"href":"https:\/\/wearsamoda.com\/tr\/wp-json\/wp\/v2\/types\/product"}],"version-history":[{"count":2,"href":"https:\/\/wearsamoda.com\/tr\/wp-json\/wp\/v2\/product\/9081\/revisions"}],"predecessor-version":[{"id":9486,"href":"https:\/\/wearsamoda.com\/tr\/wp-json\/wp\/v2\/product\/9081\/revisions\/9486"}],"wp:featuredmedia":[{"embeddable":true,"href":"https:\/\/wearsamoda.com\/tr\/wp-json\/wp\/v2\/media\/9082"}],"wp:attachment":[{"href":"https:\/\/wearsamoda.com\/tr\/wp-json\/wp\/v2\/media?parent=9081"}],"wp:term":[{"taxonomy":"product_brand","embeddable":true,"href":"https:\/\/wearsamoda.com\/tr\/wp-json\/wp\/v2\/product_brand?post=9081"},{"taxonomy":"product_cat","embeddable":true,"href":"https:\/\/wearsamoda.com\/tr\/wp-json\/wp\/v2\/product_cat?post=9081"},{"taxonomy":"product_tag","embeddable":true,"href":"https:\/\/wearsamoda.com\/tr\/wp-json\/wp\/v2\/product_tag?post=9081"}],"curies":[{"name":"wp","href":"https:\/\/api.w.org\/{rel}","templated":true}]}}