{"id":9064,"date":"2025-12-10T17:20:33","date_gmt":"2025-12-10T14:20:33","guid":{"rendered":"https:\/\/wearsamoda.com\/product\/mavi-ruya\/"},"modified":"2025-12-18T23:49:12","modified_gmt":"2025-12-18T20:49:12","slug":"mavi-ruya","status":"publish","type":"product","link":"https:\/\/wearsamoda.com\/tr\/urun\/mavi-ruya\/","title":{"rendered":"Mavi hayali"},"content":{"rendered":"","protected":false},"excerpt":{"rendered":"<p>El Yap\u0131m\u0131 Elbise<br \/>\nG\u00fczel Chanel t\u00fcvit kuma\u015f\u0131ndan yap\u0131lm\u0131\u015f<br \/>\nMetal d\u00fc\u011fmeler ve kalp \u015feklinde metal kemer tokas\u0131 gibi detaylar i\u00e7erir<br \/>\nEkstra yal\u0131t\u0131m i\u00e7in astar<br \/>\nKusursuz bir biti\u015f ve kal\u0131c\u0131 kalite i\u00e7in \u00fcretimde \u00fct\u00fc bezi eklenmi\u015ftir<\/p>\n<p>T\u00fcrkiye&#8217;de \u00fcretilmi\u015ftir<\/p>\n","protected":false},"featured_media":9065,"template":"","meta":[],"product_brand":[],"product_cat":[97],"product_tag":[],"class_list":{"0":"post-9064","1":"product","2":"type-product","3":"status-publish","4":"has-post-thumbnail","6":"product_cat-gunluk-zarafet-klasik-elbiseler","8":"first","9":"outofstock","10":"taxable","11":"shipping-taxable","12":"purchasable","13":"product-type-variable","14":"has-default-attributes"},"_links":{"self":[{"href":"https:\/\/wearsamoda.com\/tr\/wp-json\/wp\/v2\/product\/9064","targetHints":{"allow":["GET"]}}],"collection":[{"href":"https:\/\/wearsamoda.com\/tr\/wp-json\/wp\/v2\/product"}],"about":[{"href":"https:\/\/wearsamoda.com\/tr\/wp-json\/wp\/v2\/types\/product"}],"version-history":[{"count":1,"href":"https:\/\/wearsamoda.com\/tr\/wp-json\/wp\/v2\/product\/9064\/revisions"}],"predecessor-version":[{"id":9473,"href":"https:\/\/wearsamoda.com\/tr\/wp-json\/wp\/v2\/product\/9064\/revisions\/9473"}],"wp:featuredmedia":[{"embeddable":true,"href":"https:\/\/wearsamoda.com\/tr\/wp-json\/wp\/v2\/media\/9065"}],"wp:attachment":[{"href":"https:\/\/wearsamoda.com\/tr\/wp-json\/wp\/v2\/media?parent=9064"}],"wp:term":[{"taxonomy":"product_brand","embeddable":true,"href":"https:\/\/wearsamoda.com\/tr\/wp-json\/wp\/v2\/product_brand?post=9064"},{"taxonomy":"product_cat","embeddable":true,"href":"https:\/\/wearsamoda.com\/tr\/wp-json\/wp\/v2\/product_cat?post=9064"},{"taxonomy":"product_tag","embeddable":true,"href":"https:\/\/wearsamoda.com\/tr\/wp-json\/wp\/v2\/product_tag?post=9064"}],"curies":[{"name":"wp","href":"https:\/\/api.w.org\/{rel}","templated":true}]}}