{"id":9037,"date":"2025-12-07T02:26:28","date_gmt":"2025-12-06T23:26:28","guid":{"rendered":"https:\/\/wearsamoda.com\/iade-ve-geri-odeme-politikasi\/"},"modified":"2025-12-11T20:12:21","modified_gmt":"2025-12-11T17:12:21","slug":"iade-ve-geri-odeme-politikasi","status":"publish","type":"page","link":"https:\/\/wearsamoda.com\/tr\/iade-ve-geri-odeme-politikasi\/","title":{"rendered":"\u0130ade ve geri \u00f6deme politikas\u0131"},"content":{"rendered":"\n<p>SAMODA olarak al\u0131\u015fveri\u015finden memnun kalman\u0131 istiyoruz.<\/p>\n\n<p>K\u0131yafetin bedenine uymad\u0131ysa veya beklentilerini kar\u015f\u0131lamad\u0131ysa, yeni, giyilmemi\u015f, y\u0131kanmam\u0131\u015f ve \u00fczerinde de\u011fi\u015fiklik yap\u0131lmam\u0131\u015f, t\u00fcm orijinal etiketleri tak\u0131l\u0131 olan \u00fcr\u00fcnleri, <strong>T\u00fcrkiye i\u00e7i teslimatlar\u0131nda 3 g\u00fcn i\u00e7inde<\/strong> ve <strong>T\u00fcrkiye d\u0131\u015f\u0131 teslimatlar\u0131nda 7 g\u00fcn i\u00e7inde<\/strong> iade veya de\u011fi\u015fim i\u00e7in memnuniyetle kabul ediyoruz.<\/p>\n\n<h3 class=\"wp-block-heading\"><strong>Haz\u0131r \u00fcr\u00fcnler (\u00f6zel dikim olmayan sipari\u015fler):<\/strong><\/h3>\n\n<ul class=\"wp-block-list\">\n<li>\u0130ade veya de\u011fi\u015fim m\u00fc\u015fteri tercihinden kaynaklan\u0131yorsa (\u00f6rne\u011fin, fikir de\u011fi\u015fikli\u011fi veya beden), <strong>iade kargo masraf\u0131 m\u00fc\u015fteriye aittir<\/strong>.<br\/><\/li>\n\n\n\n<li>Daha \u00f6nce iade veya de\u011fi\u015fim yap\u0131lm\u0131\u015f \u00fcr\u00fcnler i\u00e7in tekrar iade kabul edilmeyecektir.<\/li>\n<\/ul>\n\n<h3 class=\"wp-block-heading\"><strong>\u00d6zel dikim sipari\u015fler:<\/strong><\/h3>\n\n<ul class=\"wp-block-list\">\n<li><strong>\u0130ade veya de\u011fi\u015fim yap\u0131lamaz.<\/strong><strong><br\/><\/strong><\/li>\n\n\n\n<li>L\u00fctfen t\u00fcm \u00f6zel dikim \u00fcr\u00fcnler i\u00e7in do\u011fru \u00f6l\u00e7\u00fcleri verdi\u011finden emin ol. \u00d6zel sipari\u015fler i\u00e7in do\u011fru beden bilgisi vermek al\u0131c\u0131n\u0131n sorumlulu\u011fundad\u0131r.<br\/><\/li>\n\n\n\n<li>Bizden kaynaklanan bir beden hatas\u0131 olursa, \u00fcr\u00fcn\u00fc ekstra \u00fccret almadan memnuniyetle de\u011fi\u015ftiririz.<\/li>\n<\/ul>\n\n<p>\u0130ade veya de\u011fi\u015fim i\u00e7in l\u00fctfen bizimle ileti\u015fime ge\u00e7:<br\/><strong>E-posta:<\/strong> hello@wearsamoda.com<br\/><strong>WhatsApp:<\/strong> +90 501 062 0492<\/p>\n\n<hr class=\"wp-block-separator has-alpha-channel-opacity\"\/>\n\n<h3 class=\"wp-block-heading\"><strong>\u26a0\ufe0f \u00d6nemli:<\/strong><\/h3>\n\n<p>Paketi teslimat etiketinde yaz\u0131l\u0131 adrese g\u00f6nderme \u2014 bu <strong>bizim<\/strong> iade adresimiz de\u011fildir.<br\/>Bu adrese g\u00f6nderilen paketler i\u015fleme al\u0131namaz ve iade edilemez.<\/p>\n\n<ul class=\"wp-block-list\">\n<li>\u0130ade m\u00fc\u015fteri tercihinden kaynaklan\u0131yorsa (\u00f6rne\u011fin, fikir de\u011fi\u015fikli\u011fi veya beden sorunu), <strong>kargo \u00fccreti m\u00fc\u015fteriye aittir<\/strong>.<br\/><\/li>\n\n\n\n<li>\u0130ade bizim hatam\u0131zdan kaynaklan\u0131yorsa (\u00f6rne\u011fin, yanl\u0131\u015f \u00fcr\u00fcn, hasar veya kalite sorunu), <strong>kargo masraflar\u0131 SAMODA taraf\u0131ndan kar\u015f\u0131lanacakt\u0131r<\/strong>.<\/li>\n<\/ul>\n\n<p>SAMODA \u00f6nceden \u00f6denmi\u015f iade etiketleri sa\u011flamaz ve iade kargo \u00fccretleri iade edilmez.<\/p>\n\n<p>\u0130aden elimize ula\u015ft\u0131\u011f\u0131nda ve iade ko\u015fullar\u0131m\u0131z\u0131 kar\u015f\u0131lad\u0131\u011f\u0131n\u0131 (yeni, giyilmemi\u015f, y\u0131kanmam\u0131\u015f, de\u011fi\u015ftirilmemi\u015f, t\u00fcm etiketleri tak\u0131l\u0131) onaylad\u0131\u011f\u0131m\u0131zda, de\u011fi\u015fim kredini buna g\u00f6re d\u00fczenleyece\u011fiz.<\/p>\n\n<hr class=\"wp-block-separator has-alpha-channel-opacity\"\/>\n\n<h3 class=\"wp-block-heading\"><strong>\u0130adeler<\/strong><\/h3>\n\n<ul class=\"wp-block-list\">\n<li>\u0130adeler (uygun oldu\u011funda) <strong>7 i\u015f g\u00fcn\u00fc<\/strong> i\u00e7inde orijinal \u00f6deme y\u00f6ntemine yap\u0131l\u0131r.<br\/><\/li>\n\n\n\n<li>\u0130adeler ba\u015fka bir karta veya hesaba yap\u0131lamaz.<br\/><\/li>\n\n\n\n<li>\u0130ade bizim hatam\u0131zdan kaynaklanm\u0131yorsa (\u00f6rne\u011fin, kalite veya kargo hatas\u0131 yoksa), orijinal kargo \u00fccreti iade edilmez.<\/li>\n<\/ul>\n\n<hr class=\"wp-block-separator has-alpha-channel-opacity\"\/>\n\n<h3 class=\"wp-block-heading\"><strong>De\u011fi\u015fimler<\/strong><\/h3>\n\n<ul class=\"wp-block-list\">\n<li>Her sipari\u015f <strong>sadece bir kez<\/strong> de\u011fi\u015ftirilebilir.<br\/><\/li>\n\n\n\n<li>Daha y\u00fcksek de\u011ferli bir \u00fcr\u00fcn se\u00e7ersen, fiyat fark\u0131n\u0131 \u00f6demen gerekir.<br\/><\/li>\n\n\n\n<li>Yeni \u00fcr\u00fcn daha ucuzsa, fark <strong>sadece kalite sorunlar\u0131 durumunda<\/strong> iade edilir.<br\/><\/li>\n\n\n\n<li>De\u011fi\u015fim yap\u0131ld\u0131ktan sonra, yeni \u00fcr\u00fcn tekrar de\u011fi\u015ftirilemez veya iade edilemez.<br\/><\/li>\n<\/ul>\n\n<p>De\u011fi\u015fim kredileri <strong>asla sona ermez<\/strong> \u2014 gelecekteki al\u0131\u015fveri\u015flerinde istedi\u011fin zaman kullanabilirsin.<\/p>\n\n<hr class=\"wp-block-separator has-alpha-channel-opacity\"\/>\n\n<h3 class=\"wp-block-heading\"><strong>L\u00fctfen unutma:<\/strong><\/h3>\n\n<p>\u00d6zel dikim \u00fcr\u00fcnlerde, m\u00fc\u015fteri tercihi de\u011fi\u015fikliklerinde <strong>de\u011fi\u015fim veya iade yap\u0131lamaz<\/strong>.<\/p>\n\n<p>\u00d6zel dikim olmayan sipari\u015flerde, beden veya tercih de\u011fi\u015fikli\u011fi nedeniyle de\u011fi\u015fim <strong>sadece bir kez<\/strong> yap\u0131labilir.<br\/><\/p>\n\n<p><\/p>\n","protected":false},"excerpt":{"rendered":"<p>SAMODA olarak al\u0131\u015fveri\u015finden memnun kalman\u0131 istiyoruz. K\u0131yafetin bedenine uymad\u0131ysa veya beklentilerini kar\u015f\u0131lamad\u0131ysa, yeni, giyilmemi\u015f, y\u0131kanmam\u0131\u015f ve \u00fczerinde de\u011fi\u015fiklik yap\u0131lmam\u0131\u015f, t\u00fcm orijinal etiketleri tak\u0131l\u0131 olan \u00fcr\u00fcnleri, T\u00fcrkiye i\u00e7i teslimatlar\u0131nda 3 g\u00fcn i\u00e7inde ve T\u00fcrkiye d\u0131\u015f\u0131 teslimatlar\u0131nda 7 g\u00fcn i\u00e7inde iade veya de\u011fi\u015fim i\u00e7in memnuniyetle kabul ediyoruz. Haz\u0131r \u00fcr\u00fcnler (\u00f6zel dikim olmayan sipari\u015fler): \u00d6zel dikim sipari\u015fler: \u0130ade [&hellip;]<\/p>\n","protected":false},"author":1,"featured_media":0,"parent":0,"menu_order":0,"comment_status":"closed","ping_status":"closed","template":"","meta":{"footnotes":""},"class_list":["post-9037","page","type-page","status-publish","hentry"],"_links":{"self":[{"href":"https:\/\/wearsamoda.com\/tr\/wp-json\/wp\/v2\/pages\/9037","targetHints":{"allow":["GET"]}}],"collection":[{"href":"https:\/\/wearsamoda.com\/tr\/wp-json\/wp\/v2\/pages"}],"about":[{"href":"https:\/\/wearsamoda.com\/tr\/wp-json\/wp\/v2\/types\/page"}],"author":[{"embeddable":true,"href":"https:\/\/wearsamoda.com\/tr\/wp-json\/wp\/v2\/users\/1"}],"replies":[{"embeddable":true,"href":"https:\/\/wearsamoda.com\/tr\/wp-json\/wp\/v2\/comments?post=9037"}],"version-history":[{"count":1,"href":"https:\/\/wearsamoda.com\/tr\/wp-json\/wp\/v2\/pages\/9037\/revisions"}],"predecessor-version":[{"id":9038,"href":"https:\/\/wearsamoda.com\/tr\/wp-json\/wp\/v2\/pages\/9037\/revisions\/9038"}],"wp:attachment":[{"href":"https:\/\/wearsamoda.com\/tr\/wp-json\/wp\/v2\/media?parent=9037"}],"curies":[{"name":"wp","href":"https:\/\/api.w.org\/{rel}","templated":true}]}}