{"id":9027,"date":"2020-10-09T13:39:05","date_gmt":"2020-10-09T10:39:05","guid":{"rendered":"https:\/\/wearsamoda.com\/hakkimizda\/"},"modified":"2025-12-11T20:12:00","modified_gmt":"2025-12-11T17:12:00","slug":"hakkimizda","status":"publish","type":"page","link":"https:\/\/wearsamoda.com\/tr\/hakkimizda\/","title":{"rendered":"Hakk\u0131m\u0131zda"},"content":{"rendered":"\t\t<div data-elementor-type=\"wp-post\" data-elementor-id=\"9027\" class=\"elementor elementor-9027 elementor-1004\" data-elementor-post-type=\"page\">\n\t\t\t\t\t\t<section class=\"elementor-section elementor-top-section elementor-element elementor-element-30a8dd9 elementor-section-stretched elementor-section-boxed elementor-section-height-default elementor-section-height-default\" data-id=\"30a8dd9\" data-element_type=\"section\" data-e-type=\"section\" data-settings=\"{&quot;stretch_section&quot;:&quot;section-stretched&quot;,&quot;background_background&quot;:&quot;classic&quot;}\">\n\t\t\t\t\t\t<div class=\"elementor-container elementor-column-gap-default\">\n\t\t\t\t\t<div class=\"elementor-column elementor-col-100 elementor-top-column elementor-element elementor-element-ee18846\" data-id=\"ee18846\" data-element_type=\"column\" data-e-type=\"column\">\n\t\t\t<div class=\"elementor-widget-wrap elementor-element-populated\">\n\t\t\t\t\t\t<div class=\"elementor-element elementor-element-8438830 elementor-widget elementor-widget-heading\" data-id=\"8438830\" data-element_type=\"widget\" data-e-type=\"widget\" data-widget_type=\"heading.default\">\n\t\t\t\t\t<h2 class=\"elementor-heading-title elementor-size-default\">Samoda Hakk\u0131nda\n<\/h2>\t\t\t\t<\/div>\n\t\t\t\t<div class=\"elementor-element elementor-element-dec557c elementor-widget elementor-widget-text-editor\" data-id=\"dec557c\" data-element_type=\"widget\" data-e-type=\"widget\" data-widget_type=\"text-editor.default\">\n\t\t\t\t\t\t\t\t\t<p><span style=\"font-weight: 300;\">Kalite, stil ve zamans\u0131z zarafetin simgesi.<\/span><\/p><p><span style=\"font-weight: 300;\">Samoda, derinden ki\u015fisel bir yolculuktan do\u011fdu. Vizyonunu ger\u00e7ekten yans\u0131tan haz\u0131r giyim bulmakta hi\u00e7 zorland\u0131n m\u0131? Ya da \u00fczerine tam oturmayan, fazla a\u00e7\u0131k olan veya kendini kendin gibi hissetmeni sa\u011flayacak kaliteden yoksun par\u00e7alar? Ya da tek bir kombini tamamlamak i\u00e7in birden fazla ma\u011fazadan \u00fcst ve alt par\u00e7a e\u015fle\u015ftirmeye saatlerce \u00e7al\u0131\u015ft\u0131n m\u0131?<\/span><\/p><p><span style=\"font-weight: 300;\">Bug\u00fcn, Samoda bizim cevab\u0131m\u0131z. Her giysi, \u015f\u0131k ve zarif bir g\u00f6r\u00fcn\u00fcm\u00fc garanti etmek i\u00e7in \u00f6zenle tasarlan\u0131p titizlikle dikiliyor. Ofis toplant\u0131lar\u0131 i\u00e7in \u015f\u0131k pantolonlu tak\u0131mlardan aile etkinlikleri i\u00e7in zarif gece k\u0131yafetlerine kadar, sadece en kaliteli kuma\u015flar\u0131, astarlar\u0131 ve s\u00fcslemeleri kullan\u0131yoruz. Sonu\u00e7 olarak, modern kad\u0131nlar\u0131n hayat\u0131na kusursuzca uyan, de\u011ferlerinden \u00f6d\u00fcn vermeden kendilerini g\u00fcvenli ve \u015f\u0131k hissetmelerini sa\u011flayan bir dizi par\u00e7a ortaya \u00e7\u0131k\u0131yor.<\/span><\/p><p><b>Misyonumuz<\/b><\/p><p><span style=\"font-weight: 300;\">Kad\u0131nlar\u0131n \u00f6zg\u00fcvenle, ama\u00e7la ve \u00f6zg\u00fcnl\u00fckle giyinmelerini sa\u011flayan zarif, y\u00fcksek kaliteli giysiler \u00fcreterek muhafazakar moday\u0131 yeniden tan\u0131mlamak \u2014 \u00f6d\u00fcn vermeden.<\/span><\/p>\t\t\t\t\t\t\t\t<\/div>\n\t\t\t\t\t<\/div>\n\t\t<\/div>\n\t\t\t\t\t<\/div>\n\t\t<\/section>\n\t\t\t\t<\/div>\n\t\t","protected":false},"excerpt":{"rendered":"<p>Samoda Hakk\u0131nda Kalite, stil ve zamans\u0131z zarafetin simgesi. Samoda, derinden ki\u015fisel bir yolculuktan do\u011fdu. Vizyonunu ger\u00e7ekten yans\u0131tan haz\u0131r giyim bulmakta hi\u00e7 zorland\u0131n m\u0131? Ya da \u00fczerine tam oturmayan, fazla a\u00e7\u0131k olan veya kendini kendin gibi hissetmeni sa\u011flayacak kaliteden yoksun par\u00e7alar? Ya da tek bir kombini tamamlamak i\u00e7in birden fazla ma\u011fazadan \u00fcst ve alt par\u00e7a e\u015fle\u015ftirmeye [&hellip;]<\/p>\n","protected":false},"author":1,"featured_media":0,"parent":0,"menu_order":0,"comment_status":"closed","ping_status":"closed","template":"template-fullwidth-no-heading.php","meta":{"footnotes":""},"class_list":["post-9027","page","type-page","status-publish","hentry"],"_links":{"self":[{"href":"https:\/\/wearsamoda.com\/tr\/wp-json\/wp\/v2\/pages\/9027","targetHints":{"allow":["GET"]}}],"collection":[{"href":"https:\/\/wearsamoda.com\/tr\/wp-json\/wp\/v2\/pages"}],"about":[{"href":"https:\/\/wearsamoda.com\/tr\/wp-json\/wp\/v2\/types\/page"}],"author":[{"embeddable":true,"href":"https:\/\/wearsamoda.com\/tr\/wp-json\/wp\/v2\/users\/1"}],"replies":[{"embeddable":true,"href":"https:\/\/wearsamoda.com\/tr\/wp-json\/wp\/v2\/comments?post=9027"}],"version-history":[{"count":1,"href":"https:\/\/wearsamoda.com\/tr\/wp-json\/wp\/v2\/pages\/9027\/revisions"}],"predecessor-version":[{"id":9034,"href":"https:\/\/wearsamoda.com\/tr\/wp-json\/wp\/v2\/pages\/9027\/revisions\/9034"}],"wp:attachment":[{"href":"https:\/\/wearsamoda.com\/tr\/wp-json\/wp\/v2\/media?parent=9027"}],"curies":[{"name":"wp","href":"https:\/\/api.w.org\/{rel}","templated":true}]}}